{"id":2109,"date":"2026-02-16T16:58:30","date_gmt":"2026-02-16T15:58:30","guid":{"rendered":"https:\/\/elboks.dk\/?page_id=2109"},"modified":"2026-02-20T13:24:20","modified_gmt":"2026-02-20T12:24:20","slug":"indsigt","status":"publish","type":"page","link":"https:\/\/elboks.dk\/en\/indsigt\/","title":{"rendered":"Indsigt"},"content":{"rendered":"<div class=\"wp-block-uagb-container uagb-block-8de9c239 alignfull uagb-is-root-container\">\n<div class=\"wp-block-uagb-advanced-heading uagb-block-99148d6e\"><h1 class=\"uagb-heading-text\">Mere INFORMATION<\/h1><\/div>\n<\/div>\n\n\n\n<div class=\"wp-block-uagb-container uagb-block-5ee54b13 alignfull uagb-is-root-container\"><div class=\"uagb-container-inner-blocks-wrap\">\n<div class=\"wp-block-columns are-vertically-aligned-top is-layout-flex wp-container-core-columns-is-layout-28f84493 wp-block-columns-is-layout-flex\">\n<div class=\"wp-block-column is-vertically-aligned-top is-layout-flow wp-block-column-is-layout-flow\" style=\"flex-basis:100%\"><ul class=\"wp-block-categories-list wp-block-categories\">\t<li class=\"cat-item cat-item-1\"><a href=\"https:\/\/elboks.dk\/en\/category\/news\/\">Nyheder<\/a>\n<\/li>\n\t<li class=\"cat-item cat-item-27\"><a href=\"https:\/\/elboks.dk\/en\/category\/whitepapers\/\">Whitepapers<\/a>\n<\/li>\n<\/ul><\/div>\n<\/div>\n<\/div><\/div>\n\n\n\n<hr class=\"wp-block-separator has-text-color has-ast-global-color-0-color has-alpha-channel-opacity has-ast-global-color-0-background-color has-background is-style-wide\" style=\"margin-top:0;margin-bottom:0\"\/>\n\n\n\n<p><\/p>\n\n\n\n<div class=\"wp-block-uagb-modal uagb-block-ed6ac2d8 uagb-modal-wrapper\" data-escpress=\"enable\" data-overlayclick=\"disable\"><div class=\"uagb-effect-default uagb-modal-popup uagb-block-ed6ac2d8 uagb-modal-type-undefined\"><div class=\"uagb-modal-popup-wrap\"><div class=\"uagb-modal-popup-content\">\n<div class=\"wp-block-uagb-info-box uagb-block-3f425d8b uagb-infobox__content-wrap  uagb-infobox-icon-above-title uagb-infobox-image-valign-top\"><div class=\"uagb-ifb-content\"><div class=\"uagb-ifb-title-wrap\"><h3 class=\"uagb-ifb-title\">Vi opdaterer<\/h3><\/div><p class=\"uagb-ifb-desc\">I dag er vi i gang med en st\u00f8rre opdatering af denne sektion af siden.<br>Beklager <br><\/p><\/div><\/div>\n<\/div><button class=\"uagb-modal-popup-close\" aria-label=\"Close Modal\"><svg xmlns=\"https:\/\/www.w3.org\/2000\/svg\" viewbox=\"0 0 320 512\"><path d=\"M310.6 361.4c12.5 12.5 12.5 32.75 0 45.25C304.4 412.9 296.2 416 288 416s-16.38-3.125-22.62-9.375L160 301.3L54.63 406.6C48.38 412.9 40.19 416 32 416S15.63 412.9 9.375 406.6c-12.5-12.5-12.5-32.75 0-45.25l105.4-105.4L9.375 150.6c-12.5-12.5-12.5-32.75 0-45.25s32.75-12.5 45.25 0L160 210.8l105.4-105.4c12.5-12.5 32.75-12.5 45.25 0s12.5 32.75 0 45.25l-105.4 105.4L310.6 361.4z\"><\/path><\/svg><\/button><\/div><\/div><\/div>","protected":false},"excerpt":{"rendered":"<p>Mere INFORMATION<\/p>","protected":false},"author":1,"featured_media":0,"parent":0,"menu_order":0,"comment_status":"closed","ping_status":"closed","template":"","meta":{"_uag_custom_page_level_css":"","site-sidebar-layout":"default","site-content-layout":"","ast-site-content-layout":"default","site-content-style":"default","site-sidebar-style":"default","ast-global-header-display":"","ast-banner-title-visibility":"","ast-main-header-display":"","ast-hfb-above-header-display":"","ast-hfb-below-header-display":"","ast-hfb-mobile-header-display":"","site-post-title":"disabled","ast-breadcrumbs-content":"","ast-featured-img":"","footer-sml-layout":"","ast-disable-related-posts":"","theme-transparent-header-meta":"enabled","adv-header-id-meta":"","stick-header-meta":"","header-above-stick-meta":"","header-main-stick-meta":"","header-below-stick-meta":"","astra-migrate-meta-layouts":"set","ast-page-background-enabled":"default","ast-page-background-meta":{"desktop":{"background-color":"var(--ast-global-color-4)","background-image":"","background-repeat":"repeat","background-position":"center center","background-size":"auto","background-attachment":"scroll","background-type":"","background-media":"","overlay-type":"","overlay-color":"","overlay-opacity":"","overlay-gradient":""},"tablet":{"background-color":"","background-image":"","background-repeat":"repeat","background-position":"center center","background-size":"auto","background-attachment":"scroll","background-type":"","background-media":"","overlay-type":"","overlay-color":"","overlay-opacity":"","overlay-gradient":""},"mobile":{"background-color":"","background-image":"","background-repeat":"repeat","background-position":"center center","background-size":"auto","background-attachment":"scroll","background-type":"","background-media":"","overlay-type":"","overlay-color":"","overlay-opacity":"","overlay-gradient":""}},"ast-content-background-meta":{"desktop":{"background-color":"var(--ast-global-color-5)","background-image":"","background-repeat":"repeat","background-position":"center center","background-size":"auto","background-attachment":"scroll","background-type":"","background-media":"","overlay-type":"","overlay-color":"","overlay-opacity":"","overlay-gradient":""},"tablet":{"background-color":"var(--ast-global-color-5)","background-image":"","background-repeat":"repeat","background-position":"center center","background-size":"auto","background-attachment":"scroll","background-type":"","background-media":"","overlay-type":"","overlay-color":"","overlay-opacity":"","overlay-gradient":""},"mobile":{"background-color":"var(--ast-global-color-5)","background-image":"","background-repeat":"repeat","background-position":"center center","background-size":"auto","background-attachment":"scroll","background-type":"","background-media":"","overlay-type":"","overlay-color":"","overlay-opacity":"","overlay-gradient":""}},"footnotes":""},"class_list":["post-2109","page","type-page","status-publish","hentry"],"yoast_head":"<!-- This site is optimized with the Yoast SEO plugin v27.4 - https:\/\/yoast.com\/product\/yoast-seo-wordpress\/ -->\n<title>BESS l\u00f8sninger - Elboks<\/title>\n<meta name=\"description\" content=\"Reducer CO\u2082 samt energiomkostninger med en Elboks batteril\u00f8sninger. Peak shaving, n\u00f8dstr\u00f8m, elnetbalancering, systemydelser for virksomheder\" \/>\n<meta name=\"robots\" content=\"index, follow, max-snippet:-1, max-image-preview:large, max-video-preview:-1\" \/>\n<link rel=\"canonical\" href=\"https:\/\/elboks.dk\/en\/indsigt\/\" \/>\n<meta property=\"og:locale\" content=\"en_GB\" \/>\n<meta property=\"og:type\" content=\"article\" \/>\n<meta property=\"og:title\" content=\"BESS l\u00f8sninger - Elboks\" \/>\n<meta property=\"og:description\" content=\"Reducer CO\u2082 samt energiomkostninger med en Elboks batteril\u00f8sninger. Peak shaving, n\u00f8dstr\u00f8m, elnetbalancering, systemydelser for virksomheder\" \/>\n<meta property=\"og:url\" content=\"https:\/\/elboks.dk\/en\/indsigt\/\" \/>\n<meta property=\"og:site_name\" content=\"Elboks\" \/>\n<meta property=\"article:modified_time\" content=\"2026-02-20T12:24:20+00:00\" \/>\n<meta name=\"twitter:card\" content=\"summary_large_image\" \/>\n<meta name=\"twitter:label1\" content=\"Estimated reading time\" \/>\n\t<meta name=\"twitter:data1\" content=\"1 minute\" \/>\n<script type=\"application\/ld+json\" class=\"yoast-schema-graph\">{\"@context\":\"https:\\\/\\\/schema.org\",\"@graph\":[{\"@type\":\"WebPage\",\"@id\":\"https:\\\/\\\/elboks.dk\\\/indsigt\\\/\",\"url\":\"https:\\\/\\\/elboks.dk\\\/indsigt\\\/\",\"name\":\"BESS l\u00f8sninger - Elboks\",\"isPartOf\":{\"@id\":\"https:\\\/\\\/elboks.dk\\\/#website\"},\"datePublished\":\"2026-02-16T15:58:30+00:00\",\"dateModified\":\"2026-02-20T12:24:20+00:00\",\"description\":\"Reducer CO\u2082 samt energiomkostninger med en Elboks batteril\u00f8sninger. Peak shaving, n\u00f8dstr\u00f8m, elnetbalancering, systemydelser for virksomheder\",\"breadcrumb\":{\"@id\":\"https:\\\/\\\/elboks.dk\\\/indsigt\\\/#breadcrumb\"},\"inLanguage\":\"en-GB\",\"potentialAction\":[{\"@type\":\"ReadAction\",\"target\":[\"https:\\\/\\\/elboks.dk\\\/indsigt\\\/\"]}]},{\"@type\":\"BreadcrumbList\",\"@id\":\"https:\\\/\\\/elboks.dk\\\/indsigt\\\/#breadcrumb\",\"itemListElement\":[{\"@type\":\"ListItem\",\"position\":1,\"name\":\"Hjem\",\"item\":\"https:\\\/\\\/elboks.dk\\\/\"},{\"@type\":\"ListItem\",\"position\":2,\"name\":\"Indsigt\"}]},{\"@type\":\"WebSite\",\"@id\":\"https:\\\/\\\/elboks.dk\\\/#website\",\"url\":\"https:\\\/\\\/elboks.dk\\\/\",\"name\":\"elboks.dk\",\"description\":\"Power your future\",\"publisher\":{\"@id\":\"https:\\\/\\\/elboks.dk\\\/#organization\"},\"potentialAction\":[{\"@type\":\"SearchAction\",\"target\":{\"@type\":\"EntryPoint\",\"urlTemplate\":\"https:\\\/\\\/elboks.dk\\\/?s={search_term_string}\"},\"query-input\":{\"@type\":\"PropertyValueSpecification\",\"valueRequired\":true,\"valueName\":\"search_term_string\"}}],\"inLanguage\":\"en-GB\"},{\"@type\":\"Organization\",\"@id\":\"https:\\\/\\\/elboks.dk\\\/#organization\",\"name\":\"elboks as\",\"url\":\"https:\\\/\\\/elboks.dk\\\/\",\"logo\":{\"@type\":\"ImageObject\",\"inLanguage\":\"en-GB\",\"@id\":\"https:\\\/\\\/elboks.dk\\\/#\\\/schema\\\/logo\\\/image\\\/\",\"url\":\"https:\\\/\\\/elboks.dk\\\/wp-content\\\/uploads\\\/2024\\\/09\\\/eb_rast-optimized.svg\",\"contentUrl\":\"https:\\\/\\\/elboks.dk\\\/wp-content\\\/uploads\\\/2024\\\/09\\\/eb_rast-optimized.svg\",\"caption\":\"elboks as\"},\"image\":{\"@id\":\"https:\\\/\\\/elboks.dk\\\/#\\\/schema\\\/logo\\\/image\\\/\"}}]}<\/script>\n<!-- \/ Yoast SEO plugin. -->","yoast_head_json":{"title":"BESS l\u00f8sninger - Elboks","description":"Reducer CO\u2082 samt energiomkostninger med en Elboks batteril\u00f8sninger. Peak shaving, n\u00f8dstr\u00f8m, elnetbalancering, systemydelser for virksomheder","robots":{"index":"index","follow":"follow","max-snippet":"max-snippet:-1","max-image-preview":"max-image-preview:large","max-video-preview":"max-video-preview:-1"},"canonical":"https:\/\/elboks.dk\/en\/indsigt\/","og_locale":"en_GB","og_type":"article","og_title":"BESS l\u00f8sninger - Elboks","og_description":"Reducer CO\u2082 samt energiomkostninger med en Elboks batteril\u00f8sninger. Peak shaving, n\u00f8dstr\u00f8m, elnetbalancering, systemydelser for virksomheder","og_url":"https:\/\/elboks.dk\/en\/indsigt\/","og_site_name":"Elboks","article_modified_time":"2026-02-20T12:24:20+00:00","twitter_card":"summary_large_image","twitter_misc":{"Estimated reading time":"1 minute"},"schema":{"@context":"https:\/\/schema.org","@graph":[{"@type":"WebPage","@id":"https:\/\/elboks.dk\/indsigt\/","url":"https:\/\/elboks.dk\/indsigt\/","name":"BESS l\u00f8sninger - Elboks","isPartOf":{"@id":"https:\/\/elboks.dk\/#website"},"datePublished":"2026-02-16T15:58:30+00:00","dateModified":"2026-02-20T12:24:20+00:00","description":"Reducer CO\u2082 samt energiomkostninger med en Elboks batteril\u00f8sninger. Peak shaving, n\u00f8dstr\u00f8m, elnetbalancering, systemydelser for virksomheder","breadcrumb":{"@id":"https:\/\/elboks.dk\/indsigt\/#breadcrumb"},"inLanguage":"en-GB","potentialAction":[{"@type":"ReadAction","target":["https:\/\/elboks.dk\/indsigt\/"]}]},{"@type":"BreadcrumbList","@id":"https:\/\/elboks.dk\/indsigt\/#breadcrumb","itemListElement":[{"@type":"ListItem","position":1,"name":"Hjem","item":"https:\/\/elboks.dk\/"},{"@type":"ListItem","position":2,"name":"Indsigt"}]},{"@type":"WebSite","@id":"https:\/\/elboks.dk\/#website","url":"https:\/\/elboks.dk\/","name":"elboks.dk","description":"Power your future","publisher":{"@id":"https:\/\/elboks.dk\/#organization"},"potentialAction":[{"@type":"SearchAction","target":{"@type":"EntryPoint","urlTemplate":"https:\/\/elboks.dk\/?s={search_term_string}"},"query-input":{"@type":"PropertyValueSpecification","valueRequired":true,"valueName":"search_term_string"}}],"inLanguage":"en-GB"},{"@type":"Organization","@id":"https:\/\/elboks.dk\/#organization","name":"elboks as","url":"https:\/\/elboks.dk\/","logo":{"@type":"ImageObject","inLanguage":"en-GB","@id":"https:\/\/elboks.dk\/#\/schema\/logo\/image\/","url":"https:\/\/elboks.dk\/wp-content\/uploads\/2024\/09\/eb_rast-optimized.svg","contentUrl":"https:\/\/elboks.dk\/wp-content\/uploads\/2024\/09\/eb_rast-optimized.svg","caption":"elboks as"},"image":{"@id":"https:\/\/elboks.dk\/#\/schema\/logo\/image\/"}}]}},"uagb_featured_image_src":{"full":false,"thumbnail":false,"medium":false,"medium_large":false,"large":false,"1536x1536":false,"2048x2048":false,"trp-custom-language-flag":false},"uagb_author_info":{"display_name":"Claus","author_link":"https:\/\/elboks.dk\/en\/author\/clausras\/"},"uagb_comment_info":0,"uagb_excerpt":"Mere INFORMATION","_links":{"self":[{"href":"https:\/\/elboks.dk\/en\/wp-json\/wp\/v2\/pages\/2109","targetHints":{"allow":["GET"]}}],"collection":[{"href":"https:\/\/elboks.dk\/en\/wp-json\/wp\/v2\/pages"}],"about":[{"href":"https:\/\/elboks.dk\/en\/wp-json\/wp\/v2\/types\/page"}],"author":[{"embeddable":true,"href":"https:\/\/elboks.dk\/en\/wp-json\/wp\/v2\/users\/1"}],"replies":[{"embeddable":true,"href":"https:\/\/elboks.dk\/en\/wp-json\/wp\/v2\/comments?post=2109"}],"version-history":[{"count":6,"href":"https:\/\/elboks.dk\/en\/wp-json\/wp\/v2\/pages\/2109\/revisions"}],"predecessor-version":[{"id":2360,"href":"https:\/\/elboks.dk\/en\/wp-json\/wp\/v2\/pages\/2109\/revisions\/2360"}],"wp:attachment":[{"href":"https:\/\/elboks.dk\/en\/wp-json\/wp\/v2\/media?parent=2109"}],"curies":[{"name":"wp","href":"https:\/\/api.w.org\/{rel}","templated":true}]}}