{"id":1807,"date":"2025-09-22T13:48:16","date_gmt":"2025-09-22T11:48:16","guid":{"rendered":"https:\/\/elboks.dk\/?page_id=1807"},"modified":"2025-09-22T14:40:00","modified_gmt":"2025-09-22T12:40:00","slug":"komponenter","status":"publish","type":"page","link":"https:\/\/elboks.dk\/en\/komponenter\/","title":{"rendered":"BESS components"},"content":{"rendered":"<div class=\"wp-block-uagb-container uagb-block-8de9c239 alignfull uagb-is-root-container\">\n<div class=\"wp-block-uagb-advanced-heading uagb-block-99148d6e\"><h1 class=\"uagb-heading-text\">BESS components<\/h1><\/div>\n<\/div>\n\n\n\n<div class=\"wp-block-uagb-container uagb-block-fe797569 alignfull uagb-is-root-container\"><div class=\"uagb-container-inner-blocks-wrap\">\n<div class=\"wp-block-uagb-image uagb-block-7de246ca wp-block-uagb-image--layout-default wp-block-uagb-image--effect-zoomin wp-block-uagb-image--align-none\"><figure class=\"wp-block-uagb-image__figure\"><img decoding=\"async\" srcset=\"https:\/\/elboks.dk\/wp-content\/uploads\/2024\/09\/pack_46kwh_water-3-1024x1024.png ,https:\/\/elboks.dk\/wp-content\/uploads\/2024\/09\/pack_46kwh_water-3.png 780w, https:\/\/elboks.dk\/wp-content\/uploads\/2024\/09\/pack_46kwh_water-3.png 360w\" sizes=\"auto, (max-width: 480px) 150px\" src=\"https:\/\/elboks.dk\/wp-content\/uploads\/2024\/09\/pack_46kwh_water-3-1024x1024.png\" alt=\"Faroe 46 kWh batteri modul, vist uden tilslutning\" class=\"uag-image-1089\" width=\"550\" height=\"435\" title=\"pack_46kwh_water\" loading=\"lazy\" role=\"img\"\/><\/figure><\/div>\n\n\n\n<div class=\"wp-block-uagb-info-box uagb-block-47890f98 uagb-infobox__content-wrap  uagb-infobox-icon-above-title uagb-infobox-image-valign-top\"><div class=\"uagb-ifb-content\"><div class=\"uagb-ifb-title-wrap\"><h3 class=\"uagb-ifb-title\">Komponenter <\/h3><\/div><p class=\"uagb-ifb-desc\">Vi leverer komponenter til projekter, hvor der er andre behov og\/eller krav end det vores standard produkter kan d\u00e6kke. <br>   <\/p><div class=\"uagb-ifb-button-wrapper wp-block-button\"><a href=\"\/en\/batteripakker\/\" class=\"uagb-infobox-cta-link wp-block-button__link\" target=\"_self\" rel=\"noopener noreferrer\" onclick=\"return true;\"><span class=\"uagb-inline-editing\">SE PRODUKT<\/span><\/a><\/div><\/div><\/div>\n<\/div><\/div>\n\n\n\n<hr class=\"wp-block-separator has-text-color has-ast-global-color-0-color has-alpha-channel-opacity has-ast-global-color-0-background-color has-background is-style-wide\" style=\"margin-top:0;margin-bottom:0\"\/>\n\n\n\n<div class=\"wp-block-uagb-container uagb-block-c6306452 alignfull uagb-is-root-container\">\n<div class=\"wp-block-uagb-call-to-action uagb-block-f5c2c5f3 wp-block-button\"><div class=\"uagb-cta__wrap\"><h2 class=\"uagb-cta__title\">GET IN TOUCH<\/h2><p class=\"uagb-cta__desc\">We are always open to engagement. <\/p><\/div><div class=\"uagb-cta__buttons\"><a href=\"\/en\/kontakt\/\" class=\"uagb-cta__button-link-wrapper wp-block-button__link\" target=\"_self\" rel=\"noopener noreferrer\">CONTACT US<\/a><\/div><\/div>\n<\/div>","protected":false},"excerpt":{"rendered":"<p>BESS components<\/p>","protected":false},"author":1,"featured_media":0,"parent":0,"menu_order":0,"comment_status":"closed","ping_status":"closed","template":"","meta":{"_uag_custom_page_level_css":"","site-sidebar-layout":"default","site-content-layout":"","ast-site-content-layout":"default","site-content-style":"default","site-sidebar-style":"default","ast-global-header-display":"","ast-banner-title-visibility":"","ast-main-header-display":"","ast-hfb-above-header-display":"","ast-hfb-below-header-display":"","ast-hfb-mobile-header-display":"","site-post-title":"disabled","ast-breadcrumbs-content":"","ast-featured-img":"","footer-sml-layout":"","ast-disable-related-posts":"","theme-transparent-header-meta":"","adv-header-id-meta":"","stick-header-meta":"","header-above-stick-meta":"","header-main-stick-meta":"","header-below-stick-meta":"","astra-migrate-meta-layouts":"set","ast-page-background-enabled":"default","ast-page-background-meta":{"desktop":{"background-color":"var(--ast-global-color-4)","background-image":"","background-repeat":"repeat","background-position":"center center","background-size":"auto","background-attachment":"scroll","background-type":"","background-media":"","overlay-type":"","overlay-color":"","overlay-opacity":"","overlay-gradient":""},"tablet":{"background-color":"","background-image":"","background-repeat":"repeat","background-position":"center center","background-size":"auto","background-attachment":"scroll","background-type":"","background-media":"","overlay-type":"","overlay-color":"","overlay-opacity":"","overlay-gradient":""},"mobile":{"background-color":"","background-image":"","background-repeat":"repeat","background-position":"center center","background-size":"auto","background-attachment":"scroll","background-type":"","background-media":"","overlay-type":"","overlay-color":"","overlay-opacity":"","overlay-gradient":""}},"ast-content-background-meta":{"desktop":{"background-color":"var(--ast-global-color-5)","background-image":"","background-repeat":"repeat","background-position":"center center","background-size":"auto","background-attachment":"scroll","background-type":"","background-media":"","overlay-type":"","overlay-color":"","overlay-opacity":"","overlay-gradient":""},"tablet":{"background-color":"var(--ast-global-color-5)","background-image":"","background-repeat":"repeat","background-position":"center center","background-size":"auto","background-attachment":"scroll","background-type":"","background-media":"","overlay-type":"","overlay-color":"","overlay-opacity":"","overlay-gradient":""},"mobile":{"background-color":"var(--ast-global-color-5)","background-image":"","background-repeat":"repeat","background-position":"center center","background-size":"auto","background-attachment":"scroll","background-type":"","background-media":"","overlay-type":"","overlay-color":"","overlay-opacity":"","overlay-gradient":""}},"footnotes":""},"class_list":["post-1807","page","type-page","status-publish","hentry"],"yoast_head":"<!-- This site is optimized with the Yoast SEO plugin v27.4 - https:\/\/yoast.com\/product\/yoast-seo-wordpress\/ -->\n<title>BESS komponenter - Elboks<\/title>\n<meta name=\"description\" content=\"Oplev vores udvalg af transportable batteripakker og elboks-l\u00f8sninger \u2013 ideelle til b\u00e5de erhverv og private, der \u00f8nsker p\u00e5lidelig energi, hvor som helst.\" \/>\n<meta name=\"robots\" content=\"index, follow, max-snippet:-1, max-image-preview:large, max-video-preview:-1\" \/>\n<link rel=\"canonical\" href=\"https:\/\/elboks.dk\/en\/komponenter\/\" \/>\n<meta property=\"og:locale\" content=\"en_GB\" \/>\n<meta property=\"og:type\" content=\"article\" \/>\n<meta property=\"og:title\" content=\"BESS komponenter - Elboks\" \/>\n<meta property=\"og:description\" content=\"Oplev vores udvalg af transportable batteripakker og elboks-l\u00f8sninger \u2013 ideelle til b\u00e5de erhverv og private, der \u00f8nsker p\u00e5lidelig energi, hvor som helst.\" \/>\n<meta property=\"og:url\" content=\"https:\/\/elboks.dk\/en\/komponenter\/\" \/>\n<meta property=\"og:site_name\" content=\"Elboks\" \/>\n<meta property=\"article:modified_time\" content=\"2025-09-22T12:40:00+00:00\" \/>\n<meta property=\"og:image\" content=\"https:\/\/elboks.dk\/wp-content\/uploads\/2024\/09\/pack_46kwh_water-3-1024x1024.png\" \/>\n<meta name=\"twitter:card\" content=\"summary_large_image\" \/>\n<meta name=\"twitter:label1\" content=\"Estimated reading time\" \/>\n\t<meta name=\"twitter:data1\" content=\"1 minute\" \/>\n<script type=\"application\/ld+json\" class=\"yoast-schema-graph\">{\"@context\":\"https:\\\/\\\/schema.org\",\"@graph\":[{\"@type\":\"WebPage\",\"@id\":\"https:\\\/\\\/elboks.dk\\\/komponenter\\\/\",\"url\":\"https:\\\/\\\/elboks.dk\\\/komponenter\\\/\",\"name\":\"BESS komponenter - Elboks\",\"isPartOf\":{\"@id\":\"https:\\\/\\\/elboks.dk\\\/#website\"},\"primaryImageOfPage\":{\"@id\":\"https:\\\/\\\/elboks.dk\\\/komponenter\\\/#primaryimage\"},\"image\":{\"@id\":\"https:\\\/\\\/elboks.dk\\\/komponenter\\\/#primaryimage\"},\"thumbnailUrl\":\"https:\\\/\\\/elboks.dk\\\/wp-content\\\/uploads\\\/2024\\\/09\\\/pack_46kwh_water-3-1024x1024.png\",\"datePublished\":\"2025-09-22T11:48:16+00:00\",\"dateModified\":\"2025-09-22T12:40:00+00:00\",\"description\":\"Oplev vores udvalg af transportable batteripakker og elboks-l\u00f8sninger \u2013 ideelle til b\u00e5de erhverv og private, der \u00f8nsker p\u00e5lidelig energi, hvor som helst.\",\"breadcrumb\":{\"@id\":\"https:\\\/\\\/elboks.dk\\\/komponenter\\\/#breadcrumb\"},\"inLanguage\":\"en-GB\",\"potentialAction\":[{\"@type\":\"ReadAction\",\"target\":[\"https:\\\/\\\/elboks.dk\\\/komponenter\\\/\"]}]},{\"@type\":\"ImageObject\",\"inLanguage\":\"en-GB\",\"@id\":\"https:\\\/\\\/elboks.dk\\\/komponenter\\\/#primaryimage\",\"url\":\"https:\\\/\\\/elboks.dk\\\/wp-content\\\/uploads\\\/2024\\\/09\\\/pack_46kwh_water-3-1024x1024.png\",\"contentUrl\":\"https:\\\/\\\/elboks.dk\\\/wp-content\\\/uploads\\\/2024\\\/09\\\/pack_46kwh_water-3-1024x1024.png\"},{\"@type\":\"BreadcrumbList\",\"@id\":\"https:\\\/\\\/elboks.dk\\\/komponenter\\\/#breadcrumb\",\"itemListElement\":[{\"@type\":\"ListItem\",\"position\":1,\"name\":\"Hjem\",\"item\":\"https:\\\/\\\/elboks.dk\\\/\"},{\"@type\":\"ListItem\",\"position\":2,\"name\":\"BESS komponenter\"}]},{\"@type\":\"WebSite\",\"@id\":\"https:\\\/\\\/elboks.dk\\\/#website\",\"url\":\"https:\\\/\\\/elboks.dk\\\/\",\"name\":\"elboks.dk\",\"description\":\"Power your future\",\"publisher\":{\"@id\":\"https:\\\/\\\/elboks.dk\\\/#organization\"},\"potentialAction\":[{\"@type\":\"SearchAction\",\"target\":{\"@type\":\"EntryPoint\",\"urlTemplate\":\"https:\\\/\\\/elboks.dk\\\/?s={search_term_string}\"},\"query-input\":{\"@type\":\"PropertyValueSpecification\",\"valueRequired\":true,\"valueName\":\"search_term_string\"}}],\"inLanguage\":\"en-GB\"},{\"@type\":\"Organization\",\"@id\":\"https:\\\/\\\/elboks.dk\\\/#organization\",\"name\":\"elboks as\",\"url\":\"https:\\\/\\\/elboks.dk\\\/\",\"logo\":{\"@type\":\"ImageObject\",\"inLanguage\":\"en-GB\",\"@id\":\"https:\\\/\\\/elboks.dk\\\/#\\\/schema\\\/logo\\\/image\\\/\",\"url\":\"https:\\\/\\\/elboks.dk\\\/wp-content\\\/uploads\\\/2024\\\/09\\\/eb_rast-optimized.svg\",\"contentUrl\":\"https:\\\/\\\/elboks.dk\\\/wp-content\\\/uploads\\\/2024\\\/09\\\/eb_rast-optimized.svg\",\"caption\":\"elboks as\"},\"image\":{\"@id\":\"https:\\\/\\\/elboks.dk\\\/#\\\/schema\\\/logo\\\/image\\\/\"}}]}<\/script>\n<!-- \/ Yoast SEO plugin. -->","yoast_head_json":{"title":"BESS komponenter - Elboks","description":"Oplev vores udvalg af transportable batteripakker og elboks-l\u00f8sninger \u2013 ideelle til b\u00e5de erhverv og private, der \u00f8nsker p\u00e5lidelig energi, hvor som helst.","robots":{"index":"index","follow":"follow","max-snippet":"max-snippet:-1","max-image-preview":"max-image-preview:large","max-video-preview":"max-video-preview:-1"},"canonical":"https:\/\/elboks.dk\/en\/komponenter\/","og_locale":"en_GB","og_type":"article","og_title":"BESS komponenter - Elboks","og_description":"Oplev vores udvalg af transportable batteripakker og elboks-l\u00f8sninger \u2013 ideelle til b\u00e5de erhverv og private, der \u00f8nsker p\u00e5lidelig energi, hvor som helst.","og_url":"https:\/\/elboks.dk\/en\/komponenter\/","og_site_name":"Elboks","article_modified_time":"2025-09-22T12:40:00+00:00","og_image":[{"url":"https:\/\/elboks.dk\/wp-content\/uploads\/2024\/09\/pack_46kwh_water-3-1024x1024.png","type":"","width":"","height":""}],"twitter_card":"summary_large_image","twitter_misc":{"Estimated reading time":"1 minute"},"schema":{"@context":"https:\/\/schema.org","@graph":[{"@type":"WebPage","@id":"https:\/\/elboks.dk\/komponenter\/","url":"https:\/\/elboks.dk\/komponenter\/","name":"BESS komponenter - Elboks","isPartOf":{"@id":"https:\/\/elboks.dk\/#website"},"primaryImageOfPage":{"@id":"https:\/\/elboks.dk\/komponenter\/#primaryimage"},"image":{"@id":"https:\/\/elboks.dk\/komponenter\/#primaryimage"},"thumbnailUrl":"https:\/\/elboks.dk\/wp-content\/uploads\/2024\/09\/pack_46kwh_water-3-1024x1024.png","datePublished":"2025-09-22T11:48:16+00:00","dateModified":"2025-09-22T12:40:00+00:00","description":"Oplev vores udvalg af transportable batteripakker og elboks-l\u00f8sninger \u2013 ideelle til b\u00e5de erhverv og private, der \u00f8nsker p\u00e5lidelig energi, hvor som helst.","breadcrumb":{"@id":"https:\/\/elboks.dk\/komponenter\/#breadcrumb"},"inLanguage":"en-GB","potentialAction":[{"@type":"ReadAction","target":["https:\/\/elboks.dk\/komponenter\/"]}]},{"@type":"ImageObject","inLanguage":"en-GB","@id":"https:\/\/elboks.dk\/komponenter\/#primaryimage","url":"https:\/\/elboks.dk\/wp-content\/uploads\/2024\/09\/pack_46kwh_water-3-1024x1024.png","contentUrl":"https:\/\/elboks.dk\/wp-content\/uploads\/2024\/09\/pack_46kwh_water-3-1024x1024.png"},{"@type":"BreadcrumbList","@id":"https:\/\/elboks.dk\/komponenter\/#breadcrumb","itemListElement":[{"@type":"ListItem","position":1,"name":"Hjem","item":"https:\/\/elboks.dk\/"},{"@type":"ListItem","position":2,"name":"BESS komponenter"}]},{"@type":"WebSite","@id":"https:\/\/elboks.dk\/#website","url":"https:\/\/elboks.dk\/","name":"elboks.dk","description":"Power your future","publisher":{"@id":"https:\/\/elboks.dk\/#organization"},"potentialAction":[{"@type":"SearchAction","target":{"@type":"EntryPoint","urlTemplate":"https:\/\/elboks.dk\/?s={search_term_string}"},"query-input":{"@type":"PropertyValueSpecification","valueRequired":true,"valueName":"search_term_string"}}],"inLanguage":"en-GB"},{"@type":"Organization","@id":"https:\/\/elboks.dk\/#organization","name":"elboks as","url":"https:\/\/elboks.dk\/","logo":{"@type":"ImageObject","inLanguage":"en-GB","@id":"https:\/\/elboks.dk\/#\/schema\/logo\/image\/","url":"https:\/\/elboks.dk\/wp-content\/uploads\/2024\/09\/eb_rast-optimized.svg","contentUrl":"https:\/\/elboks.dk\/wp-content\/uploads\/2024\/09\/eb_rast-optimized.svg","caption":"elboks as"},"image":{"@id":"https:\/\/elboks.dk\/#\/schema\/logo\/image\/"}}]}},"uagb_featured_image_src":{"full":false,"thumbnail":false,"medium":false,"medium_large":false,"large":false,"1536x1536":false,"2048x2048":false,"trp-custom-language-flag":false},"uagb_author_info":{"display_name":"Claus","author_link":"https:\/\/elboks.dk\/en\/author\/clausras\/"},"uagb_comment_info":0,"uagb_excerpt":"BESS komponenter","_links":{"self":[{"href":"https:\/\/elboks.dk\/en\/wp-json\/wp\/v2\/pages\/1807","targetHints":{"allow":["GET"]}}],"collection":[{"href":"https:\/\/elboks.dk\/en\/wp-json\/wp\/v2\/pages"}],"about":[{"href":"https:\/\/elboks.dk\/en\/wp-json\/wp\/v2\/types\/page"}],"author":[{"embeddable":true,"href":"https:\/\/elboks.dk\/en\/wp-json\/wp\/v2\/users\/1"}],"replies":[{"embeddable":true,"href":"https:\/\/elboks.dk\/en\/wp-json\/wp\/v2\/comments?post=1807"}],"version-history":[{"count":3,"href":"https:\/\/elboks.dk\/en\/wp-json\/wp\/v2\/pages\/1807\/revisions"}],"predecessor-version":[{"id":1839,"href":"https:\/\/elboks.dk\/en\/wp-json\/wp\/v2\/pages\/1807\/revisions\/1839"}],"wp:attachment":[{"href":"https:\/\/elboks.dk\/en\/wp-json\/wp\/v2\/media?parent=1807"}],"curies":[{"name":"wp","href":"https:\/\/api.w.org\/{rel}","templated":true}]}}