{"id":1145,"date":"2024-09-24T20:23:06","date_gmt":"2024-09-24T18:23:06","guid":{"rendered":"https:\/\/elboks.dk\/?page_id=1145"},"modified":"2025-06-03T09:10:05","modified_gmt":"2025-06-03T07:10:05","slug":"samtykke","status":"publish","type":"page","link":"https:\/\/elboks.dk\/en\/samtykke\/","title":{"rendered":"samtykke"},"content":{"rendered":"<h1 class=\"wp-block-heading\"><br><br><br><br><strong>Cookie and privatlivs politik<\/strong><\/h1>\n\n\n\n<h3 class=\"wp-block-heading\"><strong>Introduktion<\/strong><\/h3>\n\n\n\n<p>N\u00e5r du bes\u00f8ger vores website indsamles der oplysninger om dig, som bruges til at tilpasse og forbedre vores indhold og til at \u00f8ge relevansen af de annoncer, der eventuelt vises p\u00e5 siden og p\u00e5 vores samarbejdspartneres sider. Hvis du ikke \u00f8nsker, at der indsamles oplysninger, b\u00f8r du slette dine cookies og undlade videre brug af websitet. Nedenfor har vi uddybet, hvilke informationer der indsamles, deres form\u00e5l og hvilke tredjeparter, der har adgang til dem.<\/p>\n\n\n\n<h3 class=\"wp-block-heading\"><strong>Udgiver<\/strong><\/h3>\n\n\n\n<p>Websitet ejes og publiceres af:<br>ELBOKS ApS<br>Resenvej 85<br>DK-7800 Skive<br>Phone: +45 33 22 34 38<br>E-mail:\u00a0info@elboks.dk<\/p>\n\n\n\n<p><strong>Personoplysninger og hvad vi bruger dem til<br>Generelt<\/strong><\/p>\n\n\n\n<p>Personoplysninger er alle slags informationer, der i et eller andet omfang kan henf\u00f8res til dig. N\u00e5r du benytter vores website indsamler og behandler vi en r\u00e6kke s\u00e5danne informationer. Det sker for eksempel via cookies ved almindelig tilgang af indhold, hvis du tilmelder dig vores nyhedsbrev, indsender en kontaktformular, deltager i konkurrencer eller unders\u00f8gelser, registrerer dig som bruger eller abonnent, \u00f8vrig brug af services eller hvis du foretager k\u00f8b via websitet. Vi indsamler og behandler typisk f\u00f8lgende typer af oplysninger: Et unikt ID og tekniske oplysninger om din computer, tablet eller mobiltelefon, din IP-adresse, geografisk placering, browserhistorik samt hvilke sider du klikker p\u00e5.I det omfang du selv giver eksplicit samtykke hertil, og selv indtaster informationerne, behandles desuden: Navn, telefonnummer, e-mail adresse, adresse og virksomhed\/organisation samt eventuelle andre oplysninger du eksplicit og frivilligt afgiver. Det vil typisk v\u00e6re i forbindelse med indsendelse af foresp\u00f8rgsler via kontaktformularer, ved download af materiale vi stiller til r\u00e5dighed for dig eller ved tilmelding til nyhedsbreve.<\/p>\n\n\n\n<p>De indsamlede oplysninger gemmes og behandles prim\u00e6rt i Elboks\u00b4s interne systemer.<\/p>\n\n\n\n<p><strong>Form\u00e5l<\/strong><\/p>\n\n\n\n<p>Oplysningerne bruges til at identificere dig som bruger samt at kunne levere de services, du har efterspurgt, som for eksempel at fremsende et nyhedsbrev eller svare p\u00e5 en foresp\u00f8rgsel. Herudover anvender vi oplysningerne til at optimere vores services og indhold, herunder ogs\u00e5 til at f\u00f8re statistik i anonymiseret form samt vise dig de annoncer, som vi antager vil have st\u00f8rst sandsynlighed for at v\u00e6re relevante for dig p\u00e5 vores egne websites og p\u00e5 vores samarbejdspartneres websites, for eksempel som sponsoreret indhold p\u00e5 LinkedIn eller i Google AdWords.<\/p>\n\n\n\n<p><strong>Sikkerhed<\/strong><\/p>\n\n\n\n<p>Vi har truffet tekniske og organisatoriske foranstaltninger mod, at dine oplysninger h\u00e6ndeligt eller ulovligt bliver slettet, offentliggjort, fortabt, forringet eller kommer til uvedkommendes kendskab, misbruges eller i \u00f8vrigt behandles i strid med lovgivningen.<br>Periode for opbevaring<br>Oplysningerne opbevares i det tidsrum, der er tilladt i henhold til lovgivningen, og vi sletter dem, n\u00e5r de ikke l\u00e6ngere er n\u00f8dvendige. Perioden afh\u00e6nger af karakteren af oplysningen og baggrunden for opbevaring. Det er derfor ikke muligt at angive en generel tidsramme for, hvorn\u00e5r informationer slettes. Hvis du tilmelder dig vores nyhedsbrev, opbevarer og behandler vi oplysninger om dig hertil, indtil du v\u00e6lger at afmelde nyhedsbrevet igen. Du kan i oversigten nedenfor i afsnittet \u201dCookies\u201d se levetiden for de enkelte cookies, som websitet anvender. Du skal v\u00e6re opm\u00e6rksom p\u00e5, at levetiden beregnes fra dit seneste bes\u00f8g p\u00e5 websitet.<\/p>\n\n\n\n<p><strong>Videregivelse af oplysninger<\/strong><\/p>\n\n\n\n<p>Data om din brug af websitet, hvilke annoncer, du modtager og eventuelt klikker p\u00e5, geografisk placering, k\u00f8n og alderssegment m.v. videregives til tredjeparter i det omfang disse oplysninger er kendt. Du kan se hvilke tredjeparter, der er tale om, i afsnittet \u201dCookies\u201d nedenfor. Oplysningerne anvendes til m\u00e5lretning af annoncering.<\/p>\n\n\n\n<p>Vi benytter herudover en r\u00e6kke tredjeparter til opbevaring og behandling af data. Disse behandler udelukkende oplysninger p\u00e5 vores vegne og m\u00e5 ikke anvende dem til egne form\u00e5l.<br>Videregivelse af personoplysninger som navn og e-mail adresse m.v. vil kun ske, hvis du giver samtykke til det. Vi anvender kun databehandlere i EU eller i lande, der kan give dine oplysninger en tilstr\u00e6kkelig beskyttelse.<\/p>\n\n\n\n<p><strong>Dine rettigheder<\/strong><\/p>\n\n\n\n<p>Du har ret til at f\u00e5 oplyst, hvilke personoplysninger, vi behandler om dig. Du kan desuden til enhver tid g\u00f8re indsigelse mod, at oplysninger anvendes. Du kan ogs\u00e5 tilbagekalde dit samtykke til, at der bliver behandlet oplysninger om dig. Hvis de oplysninger der behandles om dig er forkerte, har du ret til at de bliver rettet eller slettet. Henvendelse herom kan ske til: info@elboks.dk. Hvis du vil klage over vores behandling af dine personoplysninger, har du ogs\u00e5 mulighed for at tage kontakt til Datatilsynet.<\/p>\n\n\n\n<p><\/p>\n\n\n\n<p><\/p>\n\n\n\n<p><\/p>\n\n\n\n<p><\/p>\n\n\n\n<p><\/p>","protected":false},"excerpt":{"rendered":"<p>Cookie and privatlivs politik Introduktion N\u00e5r du bes\u00f8ger vores website indsamles der oplysninger om dig, som bruges til at tilpasse og forbedre vores indhold og til at \u00f8ge relevansen af de annoncer, der eventuelt vises p\u00e5 siden og p\u00e5 vores samarbejdspartneres sider. Hvis du ikke \u00f8nsker, at der indsamles oplysninger, b\u00f8r du slette dine cookies [&hellip;]<\/p>\n","protected":false},"author":1,"featured_media":0,"parent":0,"menu_order":0,"comment_status":"closed","ping_status":"closed","template":"","meta":{"_uag_custom_page_level_css":"","site-sidebar-layout":"default","site-content-layout":"","ast-site-content-layout":"default","site-content-style":"default","site-sidebar-style":"default","ast-global-header-display":"","ast-banner-title-visibility":"","ast-main-header-display":"","ast-hfb-above-header-display":"","ast-hfb-below-header-display":"","ast-hfb-mobile-header-display":"","site-post-title":"disabled","ast-breadcrumbs-content":"","ast-featured-img":"","footer-sml-layout":"","ast-disable-related-posts":"","theme-transparent-header-meta":"","adv-header-id-meta":"","stick-header-meta":"","header-above-stick-meta":"","header-main-stick-meta":"","header-below-stick-meta":"","astra-migrate-meta-layouts":"set","ast-page-background-enabled":"default","ast-page-background-meta":{"desktop":{"background-color":"var(--ast-global-color-4)","background-image":"","background-repeat":"repeat","background-position":"center center","background-size":"auto","background-attachment":"scroll","background-type":"","background-media":"","overlay-type":"","overlay-color":"","overlay-opacity":"","overlay-gradient":""},"tablet":{"background-color":"","background-image":"","background-repeat":"repeat","background-position":"center center","background-size":"auto","background-attachment":"scroll","background-type":"","background-media":"","overlay-type":"","overlay-color":"","overlay-opacity":"","overlay-gradient":""},"mobile":{"background-color":"","background-image":"","background-repeat":"repeat","background-position":"center center","background-size":"auto","background-attachment":"scroll","background-type":"","background-media":"","overlay-type":"","overlay-color":"","overlay-opacity":"","overlay-gradient":""}},"ast-content-background-meta":{"desktop":{"background-color":"var(--ast-global-color-5)","background-image":"","background-repeat":"repeat","background-position":"center center","background-size":"auto","background-attachment":"scroll","background-type":"","background-media":"","overlay-type":"","overlay-color":"","overlay-opacity":"","overlay-gradient":""},"tablet":{"background-color":"var(--ast-global-color-5)","background-image":"","background-repeat":"repeat","background-position":"center center","background-size":"auto","background-attachment":"scroll","background-type":"","background-media":"","overlay-type":"","overlay-color":"","overlay-opacity":"","overlay-gradient":""},"mobile":{"background-color":"var(--ast-global-color-5)","background-image":"","background-repeat":"repeat","background-position":"center center","background-size":"auto","background-attachment":"scroll","background-type":"","background-media":"","overlay-type":"","overlay-color":"","overlay-opacity":"","overlay-gradient":""}},"footnotes":""},"class_list":["post-1145","page","type-page","status-publish","hentry"],"yoast_head":"<!-- This site is optimized with the Yoast SEO plugin v27.4 - https:\/\/yoast.com\/product\/yoast-seo-wordpress\/ -->\n<title>samtykke - Elboks<\/title>\n<meta name=\"description\" content=\"Vores legal beskrivelse\" \/>\n<meta name=\"robots\" content=\"index, follow, max-snippet:-1, max-image-preview:large, max-video-preview:-1\" \/>\n<link rel=\"canonical\" href=\"https:\/\/elboks.dk\/en\/samtykke\/\" \/>\n<meta property=\"og:locale\" content=\"en_GB\" \/>\n<meta property=\"og:type\" content=\"article\" \/>\n<meta property=\"og:title\" content=\"samtykke - Elboks\" \/>\n<meta property=\"og:description\" content=\"Vores legal beskrivelse\" \/>\n<meta property=\"og:url\" content=\"https:\/\/elboks.dk\/en\/samtykke\/\" \/>\n<meta property=\"og:site_name\" content=\"Elboks\" \/>\n<meta property=\"article:modified_time\" content=\"2025-06-03T07:10:05+00:00\" \/>\n<meta name=\"twitter:card\" content=\"summary_large_image\" \/>\n<meta name=\"twitter:label1\" content=\"Estimated reading time\" \/>\n\t<meta name=\"twitter:data1\" content=\"4 minutes\" \/>\n<script type=\"application\/ld+json\" class=\"yoast-schema-graph\">{\"@context\":\"https:\\\/\\\/schema.org\",\"@graph\":[{\"@type\":\"WebPage\",\"@id\":\"https:\\\/\\\/elboks.dk\\\/samtykke\\\/\",\"url\":\"https:\\\/\\\/elboks.dk\\\/samtykke\\\/\",\"name\":\"samtykke - Elboks\",\"isPartOf\":{\"@id\":\"https:\\\/\\\/elboks.dk\\\/#website\"},\"datePublished\":\"2024-09-24T18:23:06+00:00\",\"dateModified\":\"2025-06-03T07:10:05+00:00\",\"description\":\"Vores legal beskrivelse\",\"breadcrumb\":{\"@id\":\"https:\\\/\\\/elboks.dk\\\/samtykke\\\/#breadcrumb\"},\"inLanguage\":\"en-GB\",\"potentialAction\":[{\"@type\":\"ReadAction\",\"target\":[\"https:\\\/\\\/elboks.dk\\\/samtykke\\\/\"]}]},{\"@type\":\"BreadcrumbList\",\"@id\":\"https:\\\/\\\/elboks.dk\\\/samtykke\\\/#breadcrumb\",\"itemListElement\":[{\"@type\":\"ListItem\",\"position\":1,\"name\":\"Hjem\",\"item\":\"https:\\\/\\\/elboks.dk\\\/\"},{\"@type\":\"ListItem\",\"position\":2,\"name\":\"samtykke\"}]},{\"@type\":\"WebSite\",\"@id\":\"https:\\\/\\\/elboks.dk\\\/#website\",\"url\":\"https:\\\/\\\/elboks.dk\\\/\",\"name\":\"elboks.dk\",\"description\":\"Power your future\",\"publisher\":{\"@id\":\"https:\\\/\\\/elboks.dk\\\/#organization\"},\"potentialAction\":[{\"@type\":\"SearchAction\",\"target\":{\"@type\":\"EntryPoint\",\"urlTemplate\":\"https:\\\/\\\/elboks.dk\\\/?s={search_term_string}\"},\"query-input\":{\"@type\":\"PropertyValueSpecification\",\"valueRequired\":true,\"valueName\":\"search_term_string\"}}],\"inLanguage\":\"en-GB\"},{\"@type\":\"Organization\",\"@id\":\"https:\\\/\\\/elboks.dk\\\/#organization\",\"name\":\"elboks as\",\"url\":\"https:\\\/\\\/elboks.dk\\\/\",\"logo\":{\"@type\":\"ImageObject\",\"inLanguage\":\"en-GB\",\"@id\":\"https:\\\/\\\/elboks.dk\\\/#\\\/schema\\\/logo\\\/image\\\/\",\"url\":\"https:\\\/\\\/elboks.dk\\\/wp-content\\\/uploads\\\/2024\\\/09\\\/eb_rast-optimized.svg\",\"contentUrl\":\"https:\\\/\\\/elboks.dk\\\/wp-content\\\/uploads\\\/2024\\\/09\\\/eb_rast-optimized.svg\",\"caption\":\"elboks as\"},\"image\":{\"@id\":\"https:\\\/\\\/elboks.dk\\\/#\\\/schema\\\/logo\\\/image\\\/\"}}]}<\/script>\n<!-- \/ Yoast SEO plugin. -->","yoast_head_json":{"title":"samtykke - Elboks","description":"Vores legal beskrivelse","robots":{"index":"index","follow":"follow","max-snippet":"max-snippet:-1","max-image-preview":"max-image-preview:large","max-video-preview":"max-video-preview:-1"},"canonical":"https:\/\/elboks.dk\/en\/samtykke\/","og_locale":"en_GB","og_type":"article","og_title":"samtykke - Elboks","og_description":"Vores legal beskrivelse","og_url":"https:\/\/elboks.dk\/en\/samtykke\/","og_site_name":"Elboks","article_modified_time":"2025-06-03T07:10:05+00:00","twitter_card":"summary_large_image","twitter_misc":{"Estimated reading time":"4 minutes"},"schema":{"@context":"https:\/\/schema.org","@graph":[{"@type":"WebPage","@id":"https:\/\/elboks.dk\/samtykke\/","url":"https:\/\/elboks.dk\/samtykke\/","name":"samtykke - Elboks","isPartOf":{"@id":"https:\/\/elboks.dk\/#website"},"datePublished":"2024-09-24T18:23:06+00:00","dateModified":"2025-06-03T07:10:05+00:00","description":"Vores legal beskrivelse","breadcrumb":{"@id":"https:\/\/elboks.dk\/samtykke\/#breadcrumb"},"inLanguage":"en-GB","potentialAction":[{"@type":"ReadAction","target":["https:\/\/elboks.dk\/samtykke\/"]}]},{"@type":"BreadcrumbList","@id":"https:\/\/elboks.dk\/samtykke\/#breadcrumb","itemListElement":[{"@type":"ListItem","position":1,"name":"Hjem","item":"https:\/\/elboks.dk\/"},{"@type":"ListItem","position":2,"name":"samtykke"}]},{"@type":"WebSite","@id":"https:\/\/elboks.dk\/#website","url":"https:\/\/elboks.dk\/","name":"elboks.dk","description":"Power your future","publisher":{"@id":"https:\/\/elboks.dk\/#organization"},"potentialAction":[{"@type":"SearchAction","target":{"@type":"EntryPoint","urlTemplate":"https:\/\/elboks.dk\/?s={search_term_string}"},"query-input":{"@type":"PropertyValueSpecification","valueRequired":true,"valueName":"search_term_string"}}],"inLanguage":"en-GB"},{"@type":"Organization","@id":"https:\/\/elboks.dk\/#organization","name":"elboks as","url":"https:\/\/elboks.dk\/","logo":{"@type":"ImageObject","inLanguage":"en-GB","@id":"https:\/\/elboks.dk\/#\/schema\/logo\/image\/","url":"https:\/\/elboks.dk\/wp-content\/uploads\/2024\/09\/eb_rast-optimized.svg","contentUrl":"https:\/\/elboks.dk\/wp-content\/uploads\/2024\/09\/eb_rast-optimized.svg","caption":"elboks as"},"image":{"@id":"https:\/\/elboks.dk\/#\/schema\/logo\/image\/"}}]}},"uagb_featured_image_src":{"full":false,"thumbnail":false,"medium":false,"medium_large":false,"large":false,"1536x1536":false,"2048x2048":false,"trp-custom-language-flag":false},"uagb_author_info":{"display_name":"Claus","author_link":"https:\/\/elboks.dk\/en\/author\/clausras\/"},"uagb_comment_info":0,"uagb_excerpt":"Cookie and privatlivs politik Introduktion N\u00e5r du bes\u00f8ger vores website indsamles der oplysninger om dig, som bruges til at tilpasse og forbedre vores indhold og til at \u00f8ge relevansen af de annoncer, der eventuelt vises p\u00e5 siden og p\u00e5 vores samarbejdspartneres sider. Hvis du ikke \u00f8nsker, at der indsamles oplysninger, b\u00f8r du slette dine cookies&hellip;","_links":{"self":[{"href":"https:\/\/elboks.dk\/en\/wp-json\/wp\/v2\/pages\/1145","targetHints":{"allow":["GET"]}}],"collection":[{"href":"https:\/\/elboks.dk\/en\/wp-json\/wp\/v2\/pages"}],"about":[{"href":"https:\/\/elboks.dk\/en\/wp-json\/wp\/v2\/types\/page"}],"author":[{"embeddable":true,"href":"https:\/\/elboks.dk\/en\/wp-json\/wp\/v2\/users\/1"}],"replies":[{"embeddable":true,"href":"https:\/\/elboks.dk\/en\/wp-json\/wp\/v2\/comments?post=1145"}],"version-history":[{"count":0,"href":"https:\/\/elboks.dk\/en\/wp-json\/wp\/v2\/pages\/1145\/revisions"}],"wp:attachment":[{"href":"https:\/\/elboks.dk\/en\/wp-json\/wp\/v2\/media?parent=1145"}],"curies":[{"name":"wp","href":"https:\/\/api.w.org\/{rel}","templated":true}]}}