{"id":107,"date":"2024-09-24T08:09:15","date_gmt":"2024-09-24T06:09:15","guid":{"rendered":"https:\/\/el-boks.dk\/elboks2\/about"},"modified":"2026-02-27T06:51:48","modified_gmt":"2026-02-27T05:51:48","slug":"om","status":"publish","type":"page","link":"https:\/\/elboks.dk\/en\/om\/","title":{"rendered":"About Elboks"},"content":{"rendered":"<div class=\"wp-block-uagb-container uagb-block-8de9c239 alignfull uagb-is-root-container\"><div class=\"uagb-container-inner-blocks-wrap\">\n<div class=\"wp-block-uagb-advanced-heading uagb-block-99148d6e\"><h1 class=\"uagb-heading-text\">HVEM ER VI<\/h1><\/div>\n<\/div><\/div>\n\n\n\n<div class=\"wp-block-uagb-container uagb-block-c1107f9e alignfull uagb-is-root-container\"><div class=\"uagb-container-inner-blocks-wrap\">\n<div class=\"wp-block-uagb-image uagb-block-c87c2e84 wp-block-uagb-image--layout-default wp-block-uagb-image--effect-static wp-block-uagb-image--align-none\"><figure class=\"wp-block-uagb-image__figure\"><img decoding=\"async\" srcset=\"https:\/\/elboks.dk\/wp-content\/uploads\/2026\/02\/Elboks-24_web-683x1024.jpg ,https:\/\/elboks.dk\/wp-content\/uploads\/2026\/02\/Elboks-24_web.jpg 780w, https:\/\/elboks.dk\/wp-content\/uploads\/2026\/02\/Elboks-24_web.jpg 360w\" sizes=\"auto, (max-width: 480px) 150px\" src=\"https:\/\/elboks.dk\/wp-content\/uploads\/2026\/02\/Elboks-24_web-683x1024.jpg\" alt=\"\" class=\"uag-image-2085\" width=\"530\" height=\"395\" title=\"Elboks-24_web\" loading=\"lazy\" role=\"img\"\/><\/figure><\/div>\n\n\n\n<div class=\"wp-block-uagb-info-box uagb-block-fc0d3afc uagb-infobox__content-wrap  uagb-infobox-icon-above-title uagb-infobox-image-valign-top\"><div class=\"uagb-ifb-content\"><div class=\"uagb-ifb-title-wrap\"><h2 class=\"uagb-ifb-title\">Din BESS grossist<\/h2><\/div><p class=\"uagb-ifb-desc\">Hos Elboks tilbyder vi udelukkende kvalitets produkter, i samarbejde professionelle leverand\u00f8rer og partnere. Vi vil v\u00e6re ledende leverand\u00f8r af h\u00f8j kvalitet til konkurrencedygtige priser.<br>Vi er den langsigtede partner, med de langsigtede l\u00f8sninger, for &#8220;det hurtige&#8221; er der andre der tager sig af. <br><br><strong>Vi siger, hvad vi g\u00f8r, og vi g\u00f8r, hvad vi siger.<\/strong> <\/p><\/div><\/div>\n<\/div><\/div>\n\n\n\n<hr class=\"wp-block-separator has-text-color has-ast-global-color-0-color has-alpha-channel-opacity has-ast-global-color-0-background-color has-background is-style-wide\" style=\"margin-top:0;margin-bottom:0\"\/>\n\n\n\n<div class=\"wp-block-uagb-container uagb-block-d2d3c4d2 alignfull uagb-is-root-container\"><div class=\"uagb-container-inner-blocks-wrap\">\n<div class=\"wp-block-columns is-layout-flex wp-container-core-columns-is-layout-28f84493 wp-block-columns-is-layout-flex\">\n<div class=\"wp-block-column is-layout-flow wp-block-column-is-layout-flow\">\n<div class=\"wp-block-uagb-info-box uagb-block-a678766a uagb-infobox__content-wrap  uagb-infobox-icon-above-title uagb-infobox-image-valign-top\"><div class=\"uagb-ifb-content\"><div class=\"uagb-ifb-image-content\"><img decoding=\"async\" src=\"https:\/\/elboks.dk\/wp-content\/uploads\/2026\/02\/CHR-Elboks-1-248x300.jpg\" alt=\"\" width=\"\" height=\"0\" loading=\"lazy\"\/><\/div><div class=\"uagb-ifb-title-wrap\"><h3 class=\"uagb-ifb-title\"><a href=\"https:\/\/www.linkedin.com\/in\/havboe\/\">Claus Havboe Rasmussen<\/a><\/h3><\/div><p class=\"uagb-ifb-desc\">Salg &amp; Teknik<br>Mobil: +45 61 68 12 33<br><\/p><div class=\"uagb-ifb-button-wrapper wp-block-button\"><a href=\"mailto:chr@elboks.dk\" class=\"uagb-infobox-cta-link wp-block-button__link\" target=\"_self\" rel=\"noopener noreferrer\" onclick=\"return true;\"><span class=\"uagb-inline-editing\">Send mig en E-mail<\/span><svg xmlns=\"https:\/\/www.w3.org\/2000\/svg\" viewbox=\"0 0 512 512\"><path d=\"M504.3 273.6l-112.1 104c-6.992 6.484-17.18 8.218-25.94 4.406c-8.758-3.812-14.42-12.45-14.42-21.1L351.9 288H32C14.33 288 .0002 273.7 .0002 255.1S14.33 224 32 224h319.9l0-72c0-9.547 5.66-18.19 14.42-22c8.754-3.809 18.95-2.075 25.94 4.41l112.1 104C514.6 247.9 514.6 264.1 504.3 273.6z\"><\/path><\/svg><\/a><\/div><\/div><\/div>\n<\/div>\n\n\n\n<div class=\"wp-block-column is-layout-flow wp-block-column-is-layout-flow\">\n<div class=\"wp-block-uagb-info-box uagb-block-92b1c7f7 uagb-infobox__content-wrap  uagb-infobox-icon-above-title uagb-infobox-image-valign-top\"><div class=\"uagb-ifb-content\"><div class=\"uagb-ifb-image-content\"><img decoding=\"async\" src=\"https:\/\/elboks.dk\/wp-content\/uploads\/2026\/02\/allan2b-225x300.jpg\" alt=\"\" width=\"\" height=\"0\" loading=\"lazy\"\/><\/div><div class=\"uagb-ifb-title-wrap\"><h3 class=\"uagb-ifb-title\"><a href=\"https:\/\/www.linkedin.com\/in\/allanvittrup\/\">Allan Vittrup<\/a><\/h3><\/div><p class=\"uagb-ifb-desc\">Salg &amp; Finansiering<br>Mobil: +45 40 27 28 52<br><\/p><div class=\"uagb-ifb-button-wrapper wp-block-button\"><a href=\"mailto:alv@elboks.dk\" class=\"uagb-infobox-cta-link wp-block-button__link\" target=\"_self\" rel=\"noopener noreferrer\" onclick=\"return true;\"><span class=\"uagb-inline-editing\">Send mig en E-mail<\/span><svg xmlns=\"https:\/\/www.w3.org\/2000\/svg\" viewbox=\"0 0 512 512\"><path d=\"M504.3 273.6l-112.1 104c-6.992 6.484-17.18 8.218-25.94 4.406c-8.758-3.812-14.42-12.45-14.42-21.1L351.9 288H32C14.33 288 .0002 273.7 .0002 255.1S14.33 224 32 224h319.9l0-72c0-9.547 5.66-18.19 14.42-22c8.754-3.809 18.95-2.075 25.94 4.41l112.1 104C514.6 247.9 514.6 264.1 504.3 273.6z\"><\/path><\/svg><\/a><\/div><\/div><\/div>\n<\/div>\n<\/div>\n<\/div><\/div>\n\n\n\n<p><\/p>","protected":false},"excerpt":{"rendered":"<p>HVEM ER VI<\/p>","protected":false},"author":1,"featured_media":0,"parent":0,"menu_order":0,"comment_status":"closed","ping_status":"closed","template":"","meta":{"_uag_custom_page_level_css":"","site-sidebar-layout":"default","site-content-layout":"","ast-site-content-layout":"default","site-content-style":"default","site-sidebar-style":"default","ast-global-header-display":"","ast-banner-title-visibility":"","ast-main-header-display":"","ast-hfb-above-header-display":"","ast-hfb-below-header-display":"","ast-hfb-mobile-header-display":"","site-post-title":"disabled","ast-breadcrumbs-content":"","ast-featured-img":"","footer-sml-layout":"","ast-disable-related-posts":"","theme-transparent-header-meta":"enabled","adv-header-id-meta":"","stick-header-meta":"","header-above-stick-meta":"","header-main-stick-meta":"","header-below-stick-meta":"","astra-migrate-meta-layouts":"set","ast-page-background-enabled":"default","ast-page-background-meta":{"desktop":{"background-color":"var(--ast-global-color-4)","background-image":"","background-repeat":"repeat","background-position":"center center","background-size":"auto","background-attachment":"scroll","background-type":"","background-media":"","overlay-type":"","overlay-color":"","overlay-opacity":"","overlay-gradient":""},"tablet":{"background-color":"","background-image":"","background-repeat":"repeat","background-position":"center center","background-size":"auto","background-attachment":"scroll","background-type":"","background-media":"","overlay-type":"","overlay-color":"","overlay-opacity":"","overlay-gradient":""},"mobile":{"background-color":"","background-image":"","background-repeat":"repeat","background-position":"center center","background-size":"auto","background-attachment":"scroll","background-type":"","background-media":"","overlay-type":"","overlay-color":"","overlay-opacity":"","overlay-gradient":""}},"ast-content-background-meta":{"desktop":{"background-color":"var(--ast-global-color-5)","background-image":"","background-repeat":"repeat","background-position":"center center","background-size":"auto","background-attachment":"scroll","background-type":"","background-media":"","overlay-type":"","overlay-color":"","overlay-opacity":"","overlay-gradient":""},"tablet":{"background-color":"var(--ast-global-color-5)","background-image":"","background-repeat":"repeat","background-position":"center center","background-size":"auto","background-attachment":"scroll","background-type":"","background-media":"","overlay-type":"","overlay-color":"","overlay-opacity":"","overlay-gradient":""},"mobile":{"background-color":"var(--ast-global-color-5)","background-image":"","background-repeat":"repeat","background-position":"center center","background-size":"auto","background-attachment":"scroll","background-type":"","background-media":"","overlay-type":"","overlay-color":"","overlay-opacity":"","overlay-gradient":""}},"footnotes":""},"class_list":["post-107","page","type-page","status-publish","hentry"],"yoast_head":"<!-- This site is optimized with the Yoast SEO plugin v27.4 - https:\/\/yoast.com\/product\/yoast-seo-wordpress\/ -->\n<title>Om Elboks - Elboks<\/title>\n<meta name=\"description\" content=\"Vi er den vakse i klassen, der kan levere industrille batterier i super kvalitet til rette konkurrencedygtige pris.\" \/>\n<meta name=\"robots\" content=\"index, follow, max-snippet:-1, max-image-preview:large, max-video-preview:-1\" \/>\n<link rel=\"canonical\" href=\"https:\/\/elboks.dk\/en\/om\/\" \/>\n<meta property=\"og:locale\" content=\"en_GB\" \/>\n<meta property=\"og:type\" content=\"article\" \/>\n<meta property=\"og:title\" content=\"Om Elboks - Elboks\" \/>\n<meta property=\"og:description\" content=\"Vi er den vakse i klassen, der kan levere industrille batterier i super kvalitet til rette konkurrencedygtige pris.\" \/>\n<meta property=\"og:url\" content=\"https:\/\/elboks.dk\/en\/om\/\" \/>\n<meta property=\"og:site_name\" content=\"Elboks\" \/>\n<meta property=\"article:modified_time\" content=\"2026-02-27T05:51:48+00:00\" \/>\n<meta property=\"og:image\" content=\"https:\/\/elboks.dk\/wp-content\/uploads\/2026\/02\/Elboks-24_web-683x1024.jpg\" \/>\n<meta name=\"twitter:card\" content=\"summary_large_image\" \/>\n<meta name=\"twitter:label1\" content=\"Estimated reading time\" \/>\n\t<meta name=\"twitter:data1\" content=\"2 minutes\" \/>\n<script type=\"application\/ld+json\" class=\"yoast-schema-graph\">{\"@context\":\"https:\\\/\\\/schema.org\",\"@graph\":[{\"@type\":\"WebPage\",\"@id\":\"https:\\\/\\\/elboks.dk\\\/om\\\/\",\"url\":\"https:\\\/\\\/elboks.dk\\\/om\\\/\",\"name\":\"Om Elboks - Elboks\",\"isPartOf\":{\"@id\":\"https:\\\/\\\/elboks.dk\\\/#website\"},\"primaryImageOfPage\":{\"@id\":\"https:\\\/\\\/elboks.dk\\\/om\\\/#primaryimage\"},\"image\":{\"@id\":\"https:\\\/\\\/elboks.dk\\\/om\\\/#primaryimage\"},\"thumbnailUrl\":\"https:\\\/\\\/elboks.dk\\\/wp-content\\\/uploads\\\/2026\\\/02\\\/Elboks-24_web-683x1024.jpg\",\"datePublished\":\"2024-09-24T06:09:15+00:00\",\"dateModified\":\"2026-02-27T05:51:48+00:00\",\"description\":\"Vi er den vakse i klassen, der kan levere industrille batterier i super kvalitet til rette konkurrencedygtige pris.\",\"breadcrumb\":{\"@id\":\"https:\\\/\\\/elboks.dk\\\/om\\\/#breadcrumb\"},\"inLanguage\":\"en-GB\",\"potentialAction\":[{\"@type\":\"ReadAction\",\"target\":[\"https:\\\/\\\/elboks.dk\\\/om\\\/\"]}]},{\"@type\":\"ImageObject\",\"inLanguage\":\"en-GB\",\"@id\":\"https:\\\/\\\/elboks.dk\\\/om\\\/#primaryimage\",\"url\":\"https:\\\/\\\/elboks.dk\\\/wp-content\\\/uploads\\\/2026\\\/02\\\/Elboks-24_web-683x1024.jpg\",\"contentUrl\":\"https:\\\/\\\/elboks.dk\\\/wp-content\\\/uploads\\\/2026\\\/02\\\/Elboks-24_web-683x1024.jpg\"},{\"@type\":\"BreadcrumbList\",\"@id\":\"https:\\\/\\\/elboks.dk\\\/om\\\/#breadcrumb\",\"itemListElement\":[{\"@type\":\"ListItem\",\"position\":1,\"name\":\"Hjem\",\"item\":\"https:\\\/\\\/elboks.dk\\\/\"},{\"@type\":\"ListItem\",\"position\":2,\"name\":\"Om Elboks\"}]},{\"@type\":\"WebSite\",\"@id\":\"https:\\\/\\\/elboks.dk\\\/#website\",\"url\":\"https:\\\/\\\/elboks.dk\\\/\",\"name\":\"elboks.dk\",\"description\":\"Power your future\",\"publisher\":{\"@id\":\"https:\\\/\\\/elboks.dk\\\/#organization\"},\"potentialAction\":[{\"@type\":\"SearchAction\",\"target\":{\"@type\":\"EntryPoint\",\"urlTemplate\":\"https:\\\/\\\/elboks.dk\\\/?s={search_term_string}\"},\"query-input\":{\"@type\":\"PropertyValueSpecification\",\"valueRequired\":true,\"valueName\":\"search_term_string\"}}],\"inLanguage\":\"en-GB\"},{\"@type\":\"Organization\",\"@id\":\"https:\\\/\\\/elboks.dk\\\/#organization\",\"name\":\"elboks as\",\"url\":\"https:\\\/\\\/elboks.dk\\\/\",\"logo\":{\"@type\":\"ImageObject\",\"inLanguage\":\"en-GB\",\"@id\":\"https:\\\/\\\/elboks.dk\\\/#\\\/schema\\\/logo\\\/image\\\/\",\"url\":\"https:\\\/\\\/elboks.dk\\\/wp-content\\\/uploads\\\/2024\\\/09\\\/eb_rast-optimized.svg\",\"contentUrl\":\"https:\\\/\\\/elboks.dk\\\/wp-content\\\/uploads\\\/2024\\\/09\\\/eb_rast-optimized.svg\",\"caption\":\"elboks as\"},\"image\":{\"@id\":\"https:\\\/\\\/elboks.dk\\\/#\\\/schema\\\/logo\\\/image\\\/\"}}]}<\/script>\n<!-- \/ Yoast SEO plugin. -->","yoast_head_json":{"title":"Om Elboks - Elboks","description":"Vi er den vakse i klassen, der kan levere industrille batterier i super kvalitet til rette konkurrencedygtige pris.","robots":{"index":"index","follow":"follow","max-snippet":"max-snippet:-1","max-image-preview":"max-image-preview:large","max-video-preview":"max-video-preview:-1"},"canonical":"https:\/\/elboks.dk\/en\/om\/","og_locale":"en_GB","og_type":"article","og_title":"Om Elboks - Elboks","og_description":"Vi er den vakse i klassen, der kan levere industrille batterier i super kvalitet til rette konkurrencedygtige pris.","og_url":"https:\/\/elboks.dk\/en\/om\/","og_site_name":"Elboks","article_modified_time":"2026-02-27T05:51:48+00:00","og_image":[{"url":"https:\/\/elboks.dk\/wp-content\/uploads\/2026\/02\/Elboks-24_web-683x1024.jpg","type":"","width":"","height":""}],"twitter_card":"summary_large_image","twitter_misc":{"Estimated reading time":"2 minutes"},"schema":{"@context":"https:\/\/schema.org","@graph":[{"@type":"WebPage","@id":"https:\/\/elboks.dk\/om\/","url":"https:\/\/elboks.dk\/om\/","name":"Om Elboks - Elboks","isPartOf":{"@id":"https:\/\/elboks.dk\/#website"},"primaryImageOfPage":{"@id":"https:\/\/elboks.dk\/om\/#primaryimage"},"image":{"@id":"https:\/\/elboks.dk\/om\/#primaryimage"},"thumbnailUrl":"https:\/\/elboks.dk\/wp-content\/uploads\/2026\/02\/Elboks-24_web-683x1024.jpg","datePublished":"2024-09-24T06:09:15+00:00","dateModified":"2026-02-27T05:51:48+00:00","description":"Vi er den vakse i klassen, der kan levere industrille batterier i super kvalitet til rette konkurrencedygtige pris.","breadcrumb":{"@id":"https:\/\/elboks.dk\/om\/#breadcrumb"},"inLanguage":"en-GB","potentialAction":[{"@type":"ReadAction","target":["https:\/\/elboks.dk\/om\/"]}]},{"@type":"ImageObject","inLanguage":"en-GB","@id":"https:\/\/elboks.dk\/om\/#primaryimage","url":"https:\/\/elboks.dk\/wp-content\/uploads\/2026\/02\/Elboks-24_web-683x1024.jpg","contentUrl":"https:\/\/elboks.dk\/wp-content\/uploads\/2026\/02\/Elboks-24_web-683x1024.jpg"},{"@type":"BreadcrumbList","@id":"https:\/\/elboks.dk\/om\/#breadcrumb","itemListElement":[{"@type":"ListItem","position":1,"name":"Hjem","item":"https:\/\/elboks.dk\/"},{"@type":"ListItem","position":2,"name":"Om Elboks"}]},{"@type":"WebSite","@id":"https:\/\/elboks.dk\/#website","url":"https:\/\/elboks.dk\/","name":"elboks.dk","description":"Power your future","publisher":{"@id":"https:\/\/elboks.dk\/#organization"},"potentialAction":[{"@type":"SearchAction","target":{"@type":"EntryPoint","urlTemplate":"https:\/\/elboks.dk\/?s={search_term_string}"},"query-input":{"@type":"PropertyValueSpecification","valueRequired":true,"valueName":"search_term_string"}}],"inLanguage":"en-GB"},{"@type":"Organization","@id":"https:\/\/elboks.dk\/#organization","name":"elboks as","url":"https:\/\/elboks.dk\/","logo":{"@type":"ImageObject","inLanguage":"en-GB","@id":"https:\/\/elboks.dk\/#\/schema\/logo\/image\/","url":"https:\/\/elboks.dk\/wp-content\/uploads\/2024\/09\/eb_rast-optimized.svg","contentUrl":"https:\/\/elboks.dk\/wp-content\/uploads\/2024\/09\/eb_rast-optimized.svg","caption":"elboks as"},"image":{"@id":"https:\/\/elboks.dk\/#\/schema\/logo\/image\/"}}]}},"uagb_featured_image_src":{"full":false,"thumbnail":false,"medium":false,"medium_large":false,"large":false,"1536x1536":false,"2048x2048":false,"trp-custom-language-flag":false},"uagb_author_info":{"display_name":"Claus","author_link":"https:\/\/elboks.dk\/en\/author\/clausras\/"},"uagb_comment_info":0,"uagb_excerpt":"HVEM ER VI","_links":{"self":[{"href":"https:\/\/elboks.dk\/en\/wp-json\/wp\/v2\/pages\/107","targetHints":{"allow":["GET"]}}],"collection":[{"href":"https:\/\/elboks.dk\/en\/wp-json\/wp\/v2\/pages"}],"about":[{"href":"https:\/\/elboks.dk\/en\/wp-json\/wp\/v2\/types\/page"}],"author":[{"embeddable":true,"href":"https:\/\/elboks.dk\/en\/wp-json\/wp\/v2\/users\/1"}],"replies":[{"embeddable":true,"href":"https:\/\/elboks.dk\/en\/wp-json\/wp\/v2\/comments?post=107"}],"version-history":[{"count":13,"href":"https:\/\/elboks.dk\/en\/wp-json\/wp\/v2\/pages\/107\/revisions"}],"predecessor-version":[{"id":2393,"href":"https:\/\/elboks.dk\/en\/wp-json\/wp\/v2\/pages\/107\/revisions\/2393"}],"wp:attachment":[{"href":"https:\/\/elboks.dk\/en\/wp-json\/wp\/v2\/media?parent=107"}],"curies":[{"name":"wp","href":"https:\/\/api.w.org\/{rel}","templated":true}]}}