{"id":1031,"date":"2024-09-24T17:13:29","date_gmt":"2024-09-24T15:13:29","guid":{"rendered":"https:\/\/el-boks.dk\/elboks2\/?page_id=1031"},"modified":"2026-04-05T08:20:02","modified_gmt":"2026-04-05T06:20:02","slug":"produkter","status":"publish","type":"page","link":"https:\/\/elboks.dk\/en\/produkter\/","title":{"rendered":"Products"},"content":{"rendered":"<div class=\"wp-block-uagb-container uagb-block-8de9c239 alignfull uagb-is-root-container\">\n<div class=\"wp-block-uagb-advanced-heading uagb-block-99148d6e\"><h1 class=\"uagb-heading-text\">BESS Produkter<\/h1><\/div>\n<\/div>\n\n\n\n<div class=\"wp-block-uagb-container uagb-block-4643390f alignfull uagb-is-root-container\"><div class=\"uagb-container-inner-blocks-wrap\">\n<div class=\"wp-block-uagb-info-box uagb-block-0ce5ee3b uagb-infobox__content-wrap  uagb-infobox-icon-above-title uagb-infobox-image-valign-top\"><div class=\"uagb-ifb-content\"><div class=\"uagb-ifb-title-wrap\"><h2 class=\"uagb-ifb-title\">Kabinet<\/h2><\/div><p class=\"uagb-ifb-desc\">Ali i et produkter, med v\u00e6ske k\u00f8lede batterier, der resulterer i op til 2 procents bedre ydelse.<br>Benyttes bla. til <br><br><mark style=\"background-color:rgba(0, 0, 0, 0)\" class=\"has-inline-color has-ast-global-color-1-color\">\u2714<\/mark> Balance markedet (net og system ydelser)<br><mark style=\"background-color:rgba(0, 0, 0, 0)\" class=\"has-inline-color has-ast-global-color-1-color\">\u2714<\/mark> DC depotladning<br><mark style=\"background-color:rgba(0, 0, 0, 0)\" class=\"has-inline-color has-ast-global-color-1-color\">\u2714<\/mark> Co2 Reductions <br><mark style=\"background-color:rgba(0, 0, 0, 0)\" class=\"has-inline-color has-ast-global-color-1-color\">\u2714<\/mark> back-up<br><\/p><div class=\"uagb-ifb-button-wrapper wp-block-button\"><a href=\"https:\/\/elboks.dk\/en\/category\/produkter\/bess-kabinetter\/\" class=\"uagb-infobox-cta-link wp-block-button__link\" target=\"_self\" rel=\"noopener noreferrer\" onclick=\"return true;\"><span class=\"uagb-inline-editing\">SE PRODUKT<\/span><\/a><\/div><\/div><\/div>\n\n\n\n<div class=\"wp-block-uagb-image uagb-block-424c96e6 wp-block-uagb-image--layout-default wp-block-uagb-image--effect-static wp-block-uagb-image--align-none\"><figure class=\"wp-block-uagb-image__figure\"><img decoding=\"async\" srcset=\"https:\/\/elboks.dk\/wp-content\/uploads\/2026\/04\/FRES_200_L10_2026_iso_web-2.webp ,https:\/\/elboks.dk\/wp-content\/uploads\/2026\/04\/FRES_200_L10_2026_iso_web-2.webp 780w, https:\/\/elboks.dk\/wp-content\/uploads\/2026\/04\/FRES_200_L10_2026_iso_web-2.webp 360w\" sizes=\"auto, (max-width: 480px) 150px\" src=\"https:\/\/elboks.dk\/wp-content\/uploads\/2026\/04\/FRES_200_L10_2026_iso_web-2.webp\" alt=\"\" class=\"uag-image-2539\" width=\"271\" height=\"428\" title=\"FRES_200_L10_2026_iso_web\" loading=\"lazy\" role=\"img\"\/><\/figure><\/div>\n<\/div><\/div>\n\n\n\n<hr class=\"wp-block-separator has-text-color has-ast-global-color-0-color has-alpha-channel-opacity has-ast-global-color-0-background-color has-background is-style-wide\" style=\"margin-top:0;margin-bottom:0\"\/>\n\n\n\n<div class=\"wp-block-uagb-container uagb-block-ba229c41 alignfull uagb-is-root-container\"><div class=\"uagb-container-inner-blocks-wrap\">\n<div class=\"wp-block-uagb-info-box uagb-block-d99c4fc3 uagb-infobox__content-wrap  uagb-infobox-icon-above-title uagb-infobox-image-valign-top\"><div class=\"uagb-ifb-content\"><div class=\"uagb-ifb-title-wrap\"><h2 class=\"uagb-ifb-title\">Container solutions<\/h2><\/div><p class=\"uagb-ifb-desc\">BESS batterier i stor skala designs. <br> <br><br>Benytte prim\u00e6rt til <br><br><mark style=\"background-color:rgba(0, 0, 0, 0)\" class=\"has-inline-color has-ast-global-color-1-color\">\u2714<\/mark> Balance og eller arbitrage markederne <br><mark style=\"background-color:rgba(0, 0, 0, 0)\" class=\"has-inline-color has-ast-global-color-1-color\">\u2714<\/mark> Leveres i b\u00e5de lavsp\u00e6nding og mellem-sp\u00e6ndings udgaver<\/p><div class=\"uagb-ifb-button-wrapper wp-block-button\"><a href=\"https:\/\/elboks.dk\/en\/category\/produkter\/bess-containere\/\" class=\"uagb-infobox-cta-link wp-block-button__link\" target=\"_self\" rel=\"noopener noreferrer\" onclick=\"return true;\"><span class=\"uagb-inline-editing\">SE PRODUKT<\/span><\/a><\/div><\/div><\/div>\n\n\n\n<div class=\"wp-block-uagb-image uagb-block-d4a03822 wp-block-uagb-image--layout-default wp-block-uagb-image--effect-static wp-block-uagb-image--align-none\"><figure class=\"wp-block-uagb-image__figure\"><img decoding=\"async\" srcset=\"https:\/\/elboks.dk\/wp-content\/uploads\/2026\/04\/2500PCS-1024x587.webp ,https:\/\/elboks.dk\/wp-content\/uploads\/2026\/04\/2500PCS.webp 780w, https:\/\/elboks.dk\/wp-content\/uploads\/2026\/04\/2500PCS.webp 360w\" sizes=\"auto, (max-width: 480px) 150px\" src=\"https:\/\/elboks.dk\/wp-content\/uploads\/2026\/04\/2500PCS-1024x587.webp\" alt=\"\" class=\"uag-image-2560\" width=\"552\" height=\"315\" title=\"2500PCS\" loading=\"lazy\" role=\"img\"\/><\/figure><\/div>\n<\/div><\/div>\n\n\n\n<hr class=\"wp-block-separator has-text-color has-ast-global-color-0-color has-alpha-channel-opacity has-ast-global-color-0-background-color has-background is-style-wide\" style=\"margin-top:0;margin-bottom:0\"\/>\n\n\n\n<div class=\"wp-block-uagb-container uagb-block-c8269f89 alignfull uagb-is-root-container\"><div class=\"uagb-container-inner-blocks-wrap\">\n<div class=\"wp-block-group is-nowrap is-layout-flex wp-container-core-group-is-layout-6c531013 wp-block-group-is-layout-flex\">\n<div class=\"wp-block-uagb-info-box uagb-block-dfb0d7d9 uagb-infobox__content-wrap  uagb-infobox-icon-above-title uagb-infobox-image-valign-top\"><div class=\"uagb-ifb-content\"><div class=\"uagb-ifb-title-wrap\"><h2 class=\"uagb-ifb-title\">Udlejningsbrug<\/h2><\/div><p class=\"uagb-ifb-desc\">BESS batterier i fysisk udformning der er designet til transport mellem brugssteder.  Er designet med AC konstant temperatur styring, s\u00e5 der ydermere er mulighed for at modtage balanceydelses betalinger, n\u00e5r BESS opbevaret i depot og tilsluttet elnettet.     <br><br>Benytte prim\u00e6rt til <br><br><mark style=\"background-color:rgba(0, 0, 0, 0)\" class=\"has-inline-color has-ast-global-color-1-color\">\u2714<\/mark> Festival udlejning &#8211; diesel generator fri l\u00f8sning <br><mark style=\"background-color:rgba(0, 0, 0, 0)\" class=\"has-inline-color has-ast-global-color-1-color\">\u2714<\/mark> Byggeplads forsyning &#8211; diesel generator fri l\u00f8sning <br><mark style=\"background-color:rgba(0, 0, 0, 0)\" class=\"has-inline-color has-ast-global-color-1-color\">\u2714<\/mark> Opladning af EV entrepren\u00f8r maskiner <\/p><div class=\"uagb-ifb-button-wrapper wp-block-button\"><a href=\"https:\/\/elboks.dk\/en\/520-kwh-transportabel\/\" class=\"uagb-infobox-cta-link wp-block-button__link\" target=\"_self\" rel=\"noopener noreferrer\" onclick=\"return true;\"><span class=\"uagb-inline-editing\">SE PRODUKT<\/span><\/a><\/div><\/div><\/div>\n\n\n\n<div class=\"wp-block-group is-vertical is-layout-flex wp-container-core-group-is-layout-fe9cc265 wp-block-group-is-layout-flex\">\n<div class=\"wp-block-uagb-image uagb-block-5fbc59e5 wp-block-uagb-image--layout-default wp-block-uagb-image--effect-static wp-block-uagb-image--align-none\"><figure class=\"wp-block-uagb-image__figure\"><img decoding=\"async\" srcset=\"https:\/\/elboks.dk\/wp-content\/uploads\/2026\/04\/20F-1024x896.webp ,https:\/\/elboks.dk\/wp-content\/uploads\/2026\/04\/20F.webp 780w, https:\/\/elboks.dk\/wp-content\/uploads\/2026\/04\/20F.webp 360w\" sizes=\"auto, (max-width: 480px) 150px\" src=\"https:\/\/elboks.dk\/wp-content\/uploads\/2026\/04\/20F-1024x896.webp\" alt=\"\" class=\"uag-image-2542\" width=\"335\" height=\"293\" title=\"20F\" loading=\"lazy\" role=\"img\"\/><\/figure><\/div>\n\n\n\n<div class=\"wp-block-uagb-image uagb-block-c40c5187 wp-block-uagb-image--layout-default wp-block-uagb-image--effect-static wp-block-uagb-image--align-none\"><figure class=\"wp-block-uagb-image__figure\"><img decoding=\"async\" srcset=\"https:\/\/elboks.dk\/wp-content\/uploads\/2025\/06\/elboks241.webp ,https:\/\/elboks.dk\/wp-content\/uploads\/2025\/06\/elboks241.webp 780w, https:\/\/elboks.dk\/wp-content\/uploads\/2025\/06\/elboks241.webp 360w\" sizes=\"auto, (max-width: 480px) 150px\" src=\"https:\/\/elboks.dk\/wp-content\/uploads\/2025\/06\/elboks241.webp\" alt=\"Gaffeltruck flytbar BEWW\" class=\"uag-image-1555\" width=\"245\" height=\"223\" title=\"elboks241\" loading=\"lazy\" role=\"img\"\/><\/figure><\/div>\n<\/div>\n<\/div>\n<\/div><\/div>","protected":false},"excerpt":{"rendered":"<p>BESS Produkter<\/p>","protected":false},"author":1,"featured_media":0,"parent":0,"menu_order":0,"comment_status":"closed","ping_status":"closed","template":"","meta":{"_uag_custom_page_level_css":"","site-sidebar-layout":"default","site-content-layout":"","ast-site-content-layout":"default","site-content-style":"default","site-sidebar-style":"default","ast-global-header-display":"","ast-banner-title-visibility":"","ast-main-header-display":"","ast-hfb-above-header-display":"","ast-hfb-below-header-display":"","ast-hfb-mobile-header-display":"","site-post-title":"disabled","ast-breadcrumbs-content":"","ast-featured-img":"","footer-sml-layout":"","ast-disable-related-posts":"","theme-transparent-header-meta":"","adv-header-id-meta":"","stick-header-meta":"","header-above-stick-meta":"","header-main-stick-meta":"","header-below-stick-meta":"","astra-migrate-meta-layouts":"set","ast-page-background-enabled":"default","ast-page-background-meta":{"desktop":{"background-color":"var(--ast-global-color-4)","background-image":"","background-repeat":"repeat","background-position":"center center","background-size":"auto","background-attachment":"scroll","background-type":"","background-media":"","overlay-type":"","overlay-color":"","overlay-opacity":"","overlay-gradient":""},"tablet":{"background-color":"","background-image":"","background-repeat":"repeat","background-position":"center center","background-size":"auto","background-attachment":"scroll","background-type":"","background-media":"","overlay-type":"","overlay-color":"","overlay-opacity":"","overlay-gradient":""},"mobile":{"background-color":"","background-image":"","background-repeat":"repeat","background-position":"center center","background-size":"auto","background-attachment":"scroll","background-type":"","background-media":"","overlay-type":"","overlay-color":"","overlay-opacity":"","overlay-gradient":""}},"ast-content-background-meta":{"desktop":{"background-color":"var(--ast-global-color-5)","background-image":"","background-repeat":"repeat","background-position":"center center","background-size":"auto","background-attachment":"scroll","background-type":"","background-media":"","overlay-type":"","overlay-color":"","overlay-opacity":"","overlay-gradient":""},"tablet":{"background-color":"var(--ast-global-color-5)","background-image":"","background-repeat":"repeat","background-position":"center center","background-size":"auto","background-attachment":"scroll","background-type":"","background-media":"","overlay-type":"","overlay-color":"","overlay-opacity":"","overlay-gradient":""},"mobile":{"background-color":"var(--ast-global-color-5)","background-image":"","background-repeat":"repeat","background-position":"center center","background-size":"auto","background-attachment":"scroll","background-type":"","background-media":"","overlay-type":"","overlay-color":"","overlay-opacity":"","overlay-gradient":""}},"footnotes":""},"class_list":["post-1031","page","type-page","status-publish","hentry"],"yoast_head":"<!-- This site is optimized with the Yoast SEO plugin v27.4 - https:\/\/yoast.com\/product\/yoast-seo-wordpress\/ -->\n<title>Produkter - Elboks<\/title>\n<meta name=\"description\" content=\"Oplev vores udvalg af transportable batteripakker og elboks-l\u00f8sninger \u2013 ideelle til b\u00e5de erhverv og private, der \u00f8nsker p\u00e5lidelig energi, hvor som helst.\" \/>\n<meta name=\"robots\" content=\"index, follow, max-snippet:-1, max-image-preview:large, max-video-preview:-1\" \/>\n<link rel=\"canonical\" href=\"https:\/\/elboks.dk\/en\/produkter\/\" \/>\n<meta property=\"og:locale\" content=\"en_GB\" \/>\n<meta property=\"og:type\" content=\"article\" \/>\n<meta property=\"og:title\" content=\"Produkter - Elboks\" \/>\n<meta property=\"og:description\" content=\"Oplev vores udvalg af transportable batteripakker og elboks-l\u00f8sninger \u2013 ideelle til b\u00e5de erhverv og private, der \u00f8nsker p\u00e5lidelig energi, hvor som helst.\" \/>\n<meta property=\"og:url\" content=\"https:\/\/elboks.dk\/en\/produkter\/\" \/>\n<meta property=\"og:site_name\" content=\"Elboks\" \/>\n<meta property=\"article:modified_time\" content=\"2026-04-05T06:20:02+00:00\" \/>\n<meta property=\"og:image\" content=\"https:\/\/elboks.dk\/wp-content\/uploads\/2026\/04\/FRES_200_L10_2026_iso_web-2.webp\" \/>\n<meta name=\"twitter:card\" content=\"summary_large_image\" \/>\n<meta name=\"twitter:label1\" content=\"Estimated reading time\" \/>\n\t<meta name=\"twitter:data1\" content=\"2 minutes\" \/>\n<script type=\"application\/ld+json\" class=\"yoast-schema-graph\">{\"@context\":\"https:\\\/\\\/schema.org\",\"@graph\":[{\"@type\":\"WebPage\",\"@id\":\"https:\\\/\\\/elboks.dk\\\/produkter\\\/\",\"url\":\"https:\\\/\\\/elboks.dk\\\/produkter\\\/\",\"name\":\"Produkter - Elboks\",\"isPartOf\":{\"@id\":\"https:\\\/\\\/elboks.dk\\\/#website\"},\"primaryImageOfPage\":{\"@id\":\"https:\\\/\\\/elboks.dk\\\/produkter\\\/#primaryimage\"},\"image\":{\"@id\":\"https:\\\/\\\/elboks.dk\\\/produkter\\\/#primaryimage\"},\"thumbnailUrl\":\"https:\\\/\\\/elboks.dk\\\/wp-content\\\/uploads\\\/2026\\\/04\\\/FRES_200_L10_2026_iso_web-2.webp\",\"datePublished\":\"2024-09-24T15:13:29+00:00\",\"dateModified\":\"2026-04-05T06:20:02+00:00\",\"description\":\"Oplev vores udvalg af transportable batteripakker og elboks-l\u00f8sninger \u2013 ideelle til b\u00e5de erhverv og private, der \u00f8nsker p\u00e5lidelig energi, hvor som helst.\",\"breadcrumb\":{\"@id\":\"https:\\\/\\\/elboks.dk\\\/produkter\\\/#breadcrumb\"},\"inLanguage\":\"en-GB\",\"potentialAction\":[{\"@type\":\"ReadAction\",\"target\":[\"https:\\\/\\\/elboks.dk\\\/produkter\\\/\"]}]},{\"@type\":\"ImageObject\",\"inLanguage\":\"en-GB\",\"@id\":\"https:\\\/\\\/elboks.dk\\\/produkter\\\/#primaryimage\",\"url\":\"https:\\\/\\\/elboks.dk\\\/wp-content\\\/uploads\\\/2026\\\/04\\\/FRES_200_L10_2026_iso_web-2.webp\",\"contentUrl\":\"https:\\\/\\\/elboks.dk\\\/wp-content\\\/uploads\\\/2026\\\/04\\\/FRES_200_L10_2026_iso_web-2.webp\"},{\"@type\":\"BreadcrumbList\",\"@id\":\"https:\\\/\\\/elboks.dk\\\/produkter\\\/#breadcrumb\",\"itemListElement\":[{\"@type\":\"ListItem\",\"position\":1,\"name\":\"Hjem\",\"item\":\"https:\\\/\\\/elboks.dk\\\/\"},{\"@type\":\"ListItem\",\"position\":2,\"name\":\"Produkter\"}]},{\"@type\":\"WebSite\",\"@id\":\"https:\\\/\\\/elboks.dk\\\/#website\",\"url\":\"https:\\\/\\\/elboks.dk\\\/\",\"name\":\"elboks.dk\",\"description\":\"Power your future\",\"publisher\":{\"@id\":\"https:\\\/\\\/elboks.dk\\\/#organization\"},\"potentialAction\":[{\"@type\":\"SearchAction\",\"target\":{\"@type\":\"EntryPoint\",\"urlTemplate\":\"https:\\\/\\\/elboks.dk\\\/?s={search_term_string}\"},\"query-input\":{\"@type\":\"PropertyValueSpecification\",\"valueRequired\":true,\"valueName\":\"search_term_string\"}}],\"inLanguage\":\"en-GB\"},{\"@type\":\"Organization\",\"@id\":\"https:\\\/\\\/elboks.dk\\\/#organization\",\"name\":\"elboks as\",\"url\":\"https:\\\/\\\/elboks.dk\\\/\",\"logo\":{\"@type\":\"ImageObject\",\"inLanguage\":\"en-GB\",\"@id\":\"https:\\\/\\\/elboks.dk\\\/#\\\/schema\\\/logo\\\/image\\\/\",\"url\":\"https:\\\/\\\/elboks.dk\\\/wp-content\\\/uploads\\\/2024\\\/09\\\/eb_rast-optimized.svg\",\"contentUrl\":\"https:\\\/\\\/elboks.dk\\\/wp-content\\\/uploads\\\/2024\\\/09\\\/eb_rast-optimized.svg\",\"caption\":\"elboks as\"},\"image\":{\"@id\":\"https:\\\/\\\/elboks.dk\\\/#\\\/schema\\\/logo\\\/image\\\/\"}}]}<\/script>\n<!-- \/ Yoast SEO plugin. -->","yoast_head_json":{"title":"Produkter - Elboks","description":"Oplev vores udvalg af transportable batteripakker og elboks-l\u00f8sninger \u2013 ideelle til b\u00e5de erhverv og private, der \u00f8nsker p\u00e5lidelig energi, hvor som helst.","robots":{"index":"index","follow":"follow","max-snippet":"max-snippet:-1","max-image-preview":"max-image-preview:large","max-video-preview":"max-video-preview:-1"},"canonical":"https:\/\/elboks.dk\/en\/produkter\/","og_locale":"en_GB","og_type":"article","og_title":"Produkter - Elboks","og_description":"Oplev vores udvalg af transportable batteripakker og elboks-l\u00f8sninger \u2013 ideelle til b\u00e5de erhverv og private, der \u00f8nsker p\u00e5lidelig energi, hvor som helst.","og_url":"https:\/\/elboks.dk\/en\/produkter\/","og_site_name":"Elboks","article_modified_time":"2026-04-05T06:20:02+00:00","og_image":[{"url":"https:\/\/elboks.dk\/wp-content\/uploads\/2026\/04\/FRES_200_L10_2026_iso_web-2.webp","type":"","width":"","height":""}],"twitter_card":"summary_large_image","twitter_misc":{"Estimated reading time":"2 minutes"},"schema":{"@context":"https:\/\/schema.org","@graph":[{"@type":"WebPage","@id":"https:\/\/elboks.dk\/produkter\/","url":"https:\/\/elboks.dk\/produkter\/","name":"Produkter - Elboks","isPartOf":{"@id":"https:\/\/elboks.dk\/#website"},"primaryImageOfPage":{"@id":"https:\/\/elboks.dk\/produkter\/#primaryimage"},"image":{"@id":"https:\/\/elboks.dk\/produkter\/#primaryimage"},"thumbnailUrl":"https:\/\/elboks.dk\/wp-content\/uploads\/2026\/04\/FRES_200_L10_2026_iso_web-2.webp","datePublished":"2024-09-24T15:13:29+00:00","dateModified":"2026-04-05T06:20:02+00:00","description":"Oplev vores udvalg af transportable batteripakker og elboks-l\u00f8sninger \u2013 ideelle til b\u00e5de erhverv og private, der \u00f8nsker p\u00e5lidelig energi, hvor som helst.","breadcrumb":{"@id":"https:\/\/elboks.dk\/produkter\/#breadcrumb"},"inLanguage":"en-GB","potentialAction":[{"@type":"ReadAction","target":["https:\/\/elboks.dk\/produkter\/"]}]},{"@type":"ImageObject","inLanguage":"en-GB","@id":"https:\/\/elboks.dk\/produkter\/#primaryimage","url":"https:\/\/elboks.dk\/wp-content\/uploads\/2026\/04\/FRES_200_L10_2026_iso_web-2.webp","contentUrl":"https:\/\/elboks.dk\/wp-content\/uploads\/2026\/04\/FRES_200_L10_2026_iso_web-2.webp"},{"@type":"BreadcrumbList","@id":"https:\/\/elboks.dk\/produkter\/#breadcrumb","itemListElement":[{"@type":"ListItem","position":1,"name":"Hjem","item":"https:\/\/elboks.dk\/"},{"@type":"ListItem","position":2,"name":"Produkter"}]},{"@type":"WebSite","@id":"https:\/\/elboks.dk\/#website","url":"https:\/\/elboks.dk\/","name":"elboks.dk","description":"Power your future","publisher":{"@id":"https:\/\/elboks.dk\/#organization"},"potentialAction":[{"@type":"SearchAction","target":{"@type":"EntryPoint","urlTemplate":"https:\/\/elboks.dk\/?s={search_term_string}"},"query-input":{"@type":"PropertyValueSpecification","valueRequired":true,"valueName":"search_term_string"}}],"inLanguage":"en-GB"},{"@type":"Organization","@id":"https:\/\/elboks.dk\/#organization","name":"elboks as","url":"https:\/\/elboks.dk\/","logo":{"@type":"ImageObject","inLanguage":"en-GB","@id":"https:\/\/elboks.dk\/#\/schema\/logo\/image\/","url":"https:\/\/elboks.dk\/wp-content\/uploads\/2024\/09\/eb_rast-optimized.svg","contentUrl":"https:\/\/elboks.dk\/wp-content\/uploads\/2024\/09\/eb_rast-optimized.svg","caption":"elboks as"},"image":{"@id":"https:\/\/elboks.dk\/#\/schema\/logo\/image\/"}}]}},"uagb_featured_image_src":{"full":false,"thumbnail":false,"medium":false,"medium_large":false,"large":false,"1536x1536":false,"2048x2048":false,"trp-custom-language-flag":false},"uagb_author_info":{"display_name":"Claus","author_link":"https:\/\/elboks.dk\/en\/author\/clausras\/"},"uagb_comment_info":0,"uagb_excerpt":"BESS Produkter","_links":{"self":[{"href":"https:\/\/elboks.dk\/en\/wp-json\/wp\/v2\/pages\/1031","targetHints":{"allow":["GET"]}}],"collection":[{"href":"https:\/\/elboks.dk\/en\/wp-json\/wp\/v2\/pages"}],"about":[{"href":"https:\/\/elboks.dk\/en\/wp-json\/wp\/v2\/types\/page"}],"author":[{"embeddable":true,"href":"https:\/\/elboks.dk\/en\/wp-json\/wp\/v2\/users\/1"}],"replies":[{"embeddable":true,"href":"https:\/\/elboks.dk\/en\/wp-json\/wp\/v2\/comments?post=1031"}],"version-history":[{"count":26,"href":"https:\/\/elboks.dk\/en\/wp-json\/wp\/v2\/pages\/1031\/revisions"}],"predecessor-version":[{"id":2561,"href":"https:\/\/elboks.dk\/en\/wp-json\/wp\/v2\/pages\/1031\/revisions\/2561"}],"wp:attachment":[{"href":"https:\/\/elboks.dk\/en\/wp-json\/wp\/v2\/media?parent=1031"}],"curies":[{"name":"wp","href":"https:\/\/api.w.org\/{rel}","templated":true}]}}