{"id":1288,"date":"2024-11-12T20:31:11","date_gmt":"2024-11-12T19:31:11","guid":{"rendered":"https:\/\/elboks.dk\/?page_id=1288"},"modified":"2026-04-05T07:15:38","modified_gmt":"2026-04-05T05:15:38","slug":"520-kwh-transportabel","status":"publish","type":"page","link":"http:\/\/elboks.dk\/en\/520-kwh-transportabel\/","title":{"rendered":"522 kWh &#8211; kran"},"content":{"rendered":"<div class=\"wp-block-uagb-container uagb-block-8de9c239 alignfull uagb-is-root-container\">\n<div class=\"wp-block-uagb-advanced-heading uagb-block-99148d6e\"><h1 class=\"uagb-heading-text\">Transportabel container l\u00f8sning<\/h1><\/div>\n<\/div>\n\n\n\n<div class=\"wp-block-uagb-container uagb-block-4643390f alignfull uagb-is-root-container\"><div class=\"uagb-container-inner-blocks-wrap\">\n<div class=\"wp-block-uagb-info-box uagb-block-618fe07e uagb-infobox__content-wrap  uagb-infobox-icon-above-title uagb-infobox-image-valign-top\"><div class=\"uagb-ifb-content\"><div class=\"uagb-ifb-title-wrap\"><h3 class=\"uagb-ifb-title\">ELBOKS &#8211; 522<\/h3><\/div><p class=\"uagb-ifb-desc\"><strong>Alt-i-et transportable enhed<\/strong><br>&#8211; Designet for udlejningsbrug til byggepladser, festival ol.<br>&#8211; Batteri klima kontrol sikrer en h\u00f8j ydelse, s\u00e5ledes enheden kan benyttes til systemydelsesmarkedet, n\u00e5r ej udlejet<br>&#8211; Daisy chain flere elbokse, og opn\u00e5 en h\u00f8jere effekt<br>&#8211; Cloud fleet management inkl. GPS lokation (tilbeh\u00f8r) <br><br><strong>Grundl\u00e6ggende tekniske data <br><\/strong>&#8211; 400V AC<br>&#8211; 522 kWh batteri kapacitet<br>&#8211; 260 kW inverter effekt<br>&#8211; Opladning p\u00e5 2 timer<br>&#8211; V\u00e6ske klima enhed<br>&#8211; \u00d8-drift (tilbeh\u00f8r)<br><\/p><div class=\"uagb-ifb-button-wrapper wp-block-button\"><a href=\"\/PDF\/elboks522.pdf\" class=\"uagb-infobox-cta-link wp-block-button__link\" target=\"_self\" rel=\"noopener noreferrer\" onclick=\"return true;\"><span class=\"uagb-inline-editing\">DOWNLOAD DATABLAD<\/span><\/a><\/div><\/div><\/div>\n\n\n\n<figure class=\"wp-block-image size-full\"><img loading=\"lazy\" decoding=\"async\" width=\"1200\" height=\"1050\" src=\"https:\/\/elboks.dk\/wp-content\/uploads\/2026\/04\/20F.webp\" alt=\"\" class=\"wp-image-2542\" srcset=\"https:\/\/elboks.dk\/wp-content\/uploads\/2026\/04\/20F.webp 1200w, https:\/\/elboks.dk\/wp-content\/uploads\/2026\/04\/20F-300x263.webp 300w, https:\/\/elboks.dk\/wp-content\/uploads\/2026\/04\/20F-1024x896.webp 1024w, https:\/\/elboks.dk\/wp-content\/uploads\/2026\/04\/20F-768x672.webp 768w, https:\/\/elboks.dk\/wp-content\/uploads\/2026\/04\/20F-14x12.webp 14w\" sizes=\"auto, (max-width: 1200px) 100vw, 1200px\" \/><\/figure>\n<\/div><\/div>","protected":false},"excerpt":{"rendered":"<p>Transportabel container l\u00f8sning<\/p>","protected":false},"author":1,"featured_media":0,"parent":0,"menu_order":0,"comment_status":"closed","ping_status":"closed","template":"","meta":{"_uag_custom_page_level_css":"","site-sidebar-layout":"default","site-content-layout":"","ast-site-content-layout":"default","site-content-style":"default","site-sidebar-style":"default","ast-global-header-display":"","ast-banner-title-visibility":"","ast-main-header-display":"","ast-hfb-above-header-display":"","ast-hfb-below-header-display":"","ast-hfb-mobile-header-display":"","site-post-title":"disabled","ast-breadcrumbs-content":"","ast-featured-img":"","footer-sml-layout":"","ast-disable-related-posts":"","theme-transparent-header-meta":"","adv-header-id-meta":"","stick-header-meta":"","header-above-stick-meta":"","header-main-stick-meta":"","header-below-stick-meta":"","astra-migrate-meta-layouts":"set","ast-page-background-enabled":"default","ast-page-background-meta":{"desktop":{"background-color":"var(--ast-global-color-4)","background-image":"","background-repeat":"repeat","background-position":"center center","background-size":"auto","background-attachment":"scroll","background-type":"","background-media":"","overlay-type":"","overlay-color":"","overlay-opacity":"","overlay-gradient":""},"tablet":{"background-color":"","background-image":"","background-repeat":"repeat","background-position":"center center","background-size":"auto","background-attachment":"scroll","background-type":"","background-media":"","overlay-type":"","overlay-color":"","overlay-opacity":"","overlay-gradient":""},"mobile":{"background-color":"","background-image":"","background-repeat":"repeat","background-position":"center center","background-size":"auto","background-attachment":"scroll","background-type":"","background-media":"","overlay-type":"","overlay-color":"","overlay-opacity":"","overlay-gradient":""}},"ast-content-background-meta":{"desktop":{"background-color":"var(--ast-global-color-5)","background-image":"","background-repeat":"repeat","background-position":"center center","background-size":"auto","background-attachment":"scroll","background-type":"","background-media":"","overlay-type":"","overlay-color":"","overlay-opacity":"","overlay-gradient":""},"tablet":{"background-color":"var(--ast-global-color-5)","background-image":"","background-repeat":"repeat","background-position":"center center","background-size":"auto","background-attachment":"scroll","background-type":"","background-media":"","overlay-type":"","overlay-color":"","overlay-opacity":"","overlay-gradient":""},"mobile":{"background-color":"var(--ast-global-color-5)","background-image":"","background-repeat":"repeat","background-position":"center center","background-size":"auto","background-attachment":"scroll","background-type":"","background-media":"","overlay-type":"","overlay-color":"","overlay-opacity":"","overlay-gradient":""}},"footnotes":""},"class_list":["post-1288","page","type-page","status-publish","hentry"],"yoast_head":"<!-- This site is optimized with the Yoast SEO plugin v27.4 - https:\/\/yoast.com\/product\/yoast-seo-wordpress\/ -->\n<title>522 kWh - kran - Elboks<\/title>\n<meta name=\"description\" content=\"Transportabel 522 kWh elboks i 10-fods container \u2013 perfekt til udlejning, byggepladser og events. Hurtig opladning, daisy chaining og GPS-fleet management.\" \/>\n<meta name=\"robots\" content=\"index, follow, max-snippet:-1, max-image-preview:large, max-video-preview:-1\" \/>\n<link rel=\"canonical\" href=\"https:\/\/elboks.dk\/en\/520-kwh-transportabel\/\" \/>\n<meta property=\"og:locale\" content=\"en_GB\" \/>\n<meta property=\"og:type\" content=\"article\" \/>\n<meta property=\"og:title\" content=\"522 kWh - kran - Elboks\" \/>\n<meta property=\"og:description\" content=\"Transportabel 522 kWh elboks i 10-fods container \u2013 perfekt til udlejning, byggepladser og events. Hurtig opladning, daisy chaining og GPS-fleet management.\" \/>\n<meta property=\"og:url\" content=\"https:\/\/elboks.dk\/en\/520-kwh-transportabel\/\" \/>\n<meta property=\"og:site_name\" content=\"Elboks\" \/>\n<meta property=\"article:modified_time\" content=\"2026-04-05T05:15:38+00:00\" \/>\n<meta property=\"og:image\" content=\"https:\/\/elboks.dk\/wp-content\/uploads\/2026\/04\/20F.webp\" \/>\n\t<meta property=\"og:image:width\" content=\"1200\" \/>\n\t<meta property=\"og:image:height\" content=\"1050\" \/>\n\t<meta property=\"og:image:type\" content=\"image\/webp\" \/>\n<meta name=\"twitter:card\" content=\"summary_large_image\" \/>\n<meta name=\"twitter:label1\" content=\"Estimated reading time\" \/>\n\t<meta name=\"twitter:data1\" content=\"1 minute\" \/>\n<script type=\"application\/ld+json\" class=\"yoast-schema-graph\">{\"@context\":\"https:\\\/\\\/schema.org\",\"@graph\":[{\"@type\":\"WebPage\",\"@id\":\"https:\\\/\\\/elboks.dk\\\/520-kwh-transportabel\\\/\",\"url\":\"https:\\\/\\\/elboks.dk\\\/520-kwh-transportabel\\\/\",\"name\":\"522 kWh - kran - Elboks\",\"isPartOf\":{\"@id\":\"https:\\\/\\\/elboks.dk\\\/#website\"},\"primaryImageOfPage\":{\"@id\":\"https:\\\/\\\/elboks.dk\\\/520-kwh-transportabel\\\/#primaryimage\"},\"image\":{\"@id\":\"https:\\\/\\\/elboks.dk\\\/520-kwh-transportabel\\\/#primaryimage\"},\"thumbnailUrl\":\"https:\\\/\\\/elboks.dk\\\/wp-content\\\/uploads\\\/2026\\\/04\\\/20F.webp\",\"datePublished\":\"2024-11-12T19:31:11+00:00\",\"dateModified\":\"2026-04-05T05:15:38+00:00\",\"description\":\"Transportabel 522 kWh elboks i 10-fods container \u2013 perfekt til udlejning, byggepladser og events. Hurtig opladning, daisy chaining og GPS-fleet management.\",\"breadcrumb\":{\"@id\":\"https:\\\/\\\/elboks.dk\\\/520-kwh-transportabel\\\/#breadcrumb\"},\"inLanguage\":\"en-GB\",\"potentialAction\":[{\"@type\":\"ReadAction\",\"target\":[\"https:\\\/\\\/elboks.dk\\\/520-kwh-transportabel\\\/\"]}]},{\"@type\":\"ImageObject\",\"inLanguage\":\"en-GB\",\"@id\":\"https:\\\/\\\/elboks.dk\\\/520-kwh-transportabel\\\/#primaryimage\",\"url\":\"https:\\\/\\\/elboks.dk\\\/wp-content\\\/uploads\\\/2026\\\/04\\\/20F.webp\",\"contentUrl\":\"https:\\\/\\\/elboks.dk\\\/wp-content\\\/uploads\\\/2026\\\/04\\\/20F.webp\"},{\"@type\":\"BreadcrumbList\",\"@id\":\"https:\\\/\\\/elboks.dk\\\/520-kwh-transportabel\\\/#breadcrumb\",\"itemListElement\":[{\"@type\":\"ListItem\",\"position\":1,\"name\":\"Hjem\",\"item\":\"https:\\\/\\\/elboks.dk\\\/\"},{\"@type\":\"ListItem\",\"position\":2,\"name\":\"522 kWh &#8211; kran\"}]},{\"@type\":\"WebSite\",\"@id\":\"https:\\\/\\\/elboks.dk\\\/#website\",\"url\":\"https:\\\/\\\/elboks.dk\\\/\",\"name\":\"elboks.dk\",\"description\":\"Power your future\",\"publisher\":{\"@id\":\"https:\\\/\\\/elboks.dk\\\/#organization\"},\"potentialAction\":[{\"@type\":\"SearchAction\",\"target\":{\"@type\":\"EntryPoint\",\"urlTemplate\":\"https:\\\/\\\/elboks.dk\\\/?s={search_term_string}\"},\"query-input\":{\"@type\":\"PropertyValueSpecification\",\"valueRequired\":true,\"valueName\":\"search_term_string\"}}],\"inLanguage\":\"en-GB\"},{\"@type\":\"Organization\",\"@id\":\"https:\\\/\\\/elboks.dk\\\/#organization\",\"name\":\"elboks as\",\"url\":\"https:\\\/\\\/elboks.dk\\\/\",\"logo\":{\"@type\":\"ImageObject\",\"inLanguage\":\"en-GB\",\"@id\":\"https:\\\/\\\/elboks.dk\\\/#\\\/schema\\\/logo\\\/image\\\/\",\"url\":\"https:\\\/\\\/elboks.dk\\\/wp-content\\\/uploads\\\/2024\\\/09\\\/eb_rast-optimized.svg\",\"contentUrl\":\"https:\\\/\\\/elboks.dk\\\/wp-content\\\/uploads\\\/2024\\\/09\\\/eb_rast-optimized.svg\",\"caption\":\"elboks as\"},\"image\":{\"@id\":\"https:\\\/\\\/elboks.dk\\\/#\\\/schema\\\/logo\\\/image\\\/\"}}]}<\/script>\n<!-- \/ Yoast SEO plugin. -->","yoast_head_json":{"title":"522 kWh - kran - Elboks","description":"Transportabel 522 kWh elboks i 10-fods container \u2013 perfekt til udlejning, byggepladser og events. Hurtig opladning, daisy chaining og GPS-fleet management.","robots":{"index":"index","follow":"follow","max-snippet":"max-snippet:-1","max-image-preview":"max-image-preview:large","max-video-preview":"max-video-preview:-1"},"canonical":"https:\/\/elboks.dk\/en\/520-kwh-transportabel\/","og_locale":"en_GB","og_type":"article","og_title":"522 kWh - kran - Elboks","og_description":"Transportabel 522 kWh elboks i 10-fods container \u2013 perfekt til udlejning, byggepladser og events. Hurtig opladning, daisy chaining og GPS-fleet management.","og_url":"https:\/\/elboks.dk\/en\/520-kwh-transportabel\/","og_site_name":"Elboks","article_modified_time":"2026-04-05T05:15:38+00:00","og_image":[{"width":1200,"height":1050,"url":"https:\/\/elboks.dk\/wp-content\/uploads\/2026\/04\/20F.webp","type":"image\/webp"}],"twitter_card":"summary_large_image","twitter_misc":{"Estimated reading time":"1 minute"},"schema":{"@context":"https:\/\/schema.org","@graph":[{"@type":"WebPage","@id":"https:\/\/elboks.dk\/520-kwh-transportabel\/","url":"https:\/\/elboks.dk\/520-kwh-transportabel\/","name":"522 kWh - kran - Elboks","isPartOf":{"@id":"https:\/\/elboks.dk\/#website"},"primaryImageOfPage":{"@id":"https:\/\/elboks.dk\/520-kwh-transportabel\/#primaryimage"},"image":{"@id":"https:\/\/elboks.dk\/520-kwh-transportabel\/#primaryimage"},"thumbnailUrl":"https:\/\/elboks.dk\/wp-content\/uploads\/2026\/04\/20F.webp","datePublished":"2024-11-12T19:31:11+00:00","dateModified":"2026-04-05T05:15:38+00:00","description":"Transportabel 522 kWh elboks i 10-fods container \u2013 perfekt til udlejning, byggepladser og events. Hurtig opladning, daisy chaining og GPS-fleet management.","breadcrumb":{"@id":"https:\/\/elboks.dk\/520-kwh-transportabel\/#breadcrumb"},"inLanguage":"en-GB","potentialAction":[{"@type":"ReadAction","target":["https:\/\/elboks.dk\/520-kwh-transportabel\/"]}]},{"@type":"ImageObject","inLanguage":"en-GB","@id":"https:\/\/elboks.dk\/520-kwh-transportabel\/#primaryimage","url":"https:\/\/elboks.dk\/wp-content\/uploads\/2026\/04\/20F.webp","contentUrl":"https:\/\/elboks.dk\/wp-content\/uploads\/2026\/04\/20F.webp"},{"@type":"BreadcrumbList","@id":"https:\/\/elboks.dk\/520-kwh-transportabel\/#breadcrumb","itemListElement":[{"@type":"ListItem","position":1,"name":"Hjem","item":"https:\/\/elboks.dk\/"},{"@type":"ListItem","position":2,"name":"522 kWh &#8211; kran"}]},{"@type":"WebSite","@id":"https:\/\/elboks.dk\/#website","url":"https:\/\/elboks.dk\/","name":"elboks.dk","description":"Power your future","publisher":{"@id":"https:\/\/elboks.dk\/#organization"},"potentialAction":[{"@type":"SearchAction","target":{"@type":"EntryPoint","urlTemplate":"https:\/\/elboks.dk\/?s={search_term_string}"},"query-input":{"@type":"PropertyValueSpecification","valueRequired":true,"valueName":"search_term_string"}}],"inLanguage":"en-GB"},{"@type":"Organization","@id":"https:\/\/elboks.dk\/#organization","name":"elboks as","url":"https:\/\/elboks.dk\/","logo":{"@type":"ImageObject","inLanguage":"en-GB","@id":"https:\/\/elboks.dk\/#\/schema\/logo\/image\/","url":"https:\/\/elboks.dk\/wp-content\/uploads\/2024\/09\/eb_rast-optimized.svg","contentUrl":"https:\/\/elboks.dk\/wp-content\/uploads\/2024\/09\/eb_rast-optimized.svg","caption":"elboks as"},"image":{"@id":"https:\/\/elboks.dk\/#\/schema\/logo\/image\/"}}]}},"uagb_featured_image_src":{"full":false,"thumbnail":false,"medium":false,"medium_large":false,"large":false,"1536x1536":false,"2048x2048":false,"trp-custom-language-flag":false},"uagb_author_info":{"display_name":"Claus","author_link":"http:\/\/elboks.dk\/en\/author\/clausras\/"},"uagb_comment_info":0,"uagb_excerpt":"Transportabel container l\u00f8sning","_links":{"self":[{"href":"http:\/\/elboks.dk\/en\/wp-json\/wp\/v2\/pages\/1288","targetHints":{"allow":["GET"]}}],"collection":[{"href":"http:\/\/elboks.dk\/en\/wp-json\/wp\/v2\/pages"}],"about":[{"href":"http:\/\/elboks.dk\/en\/wp-json\/wp\/v2\/types\/page"}],"author":[{"embeddable":true,"href":"http:\/\/elboks.dk\/en\/wp-json\/wp\/v2\/users\/1"}],"replies":[{"embeddable":true,"href":"http:\/\/elboks.dk\/en\/wp-json\/wp\/v2\/comments?post=1288"}],"version-history":[{"count":4,"href":"http:\/\/elboks.dk\/en\/wp-json\/wp\/v2\/pages\/1288\/revisions"}],"predecessor-version":[{"id":2545,"href":"http:\/\/elboks.dk\/en\/wp-json\/wp\/v2\/pages\/1288\/revisions\/2545"}],"wp:attachment":[{"href":"http:\/\/elboks.dk\/en\/wp-json\/wp\/v2\/media?parent=1288"}],"curies":[{"name":"wp","href":"https:\/\/api.w.org\/{rel}","templated":true}]}}